{"id":1251,"date":"2011-07-20T14:50:15","date_gmt":"2011-07-20T14:50:15","guid":{"rendered":"https:\/\/klaava.fi\/?page_id=1251"},"modified":"2024-11-06T12:07:02","modified_gmt":"2024-11-06T10:07:02","slug":"suomen-historian-kaannekohtia","status":"publish","type":"page","link":"https:\/\/klaava.fi\/?page_id=1251","title":{"rendered":"Suomen historian k\u00e4\u00e4nnekohtia"},"content":{"rendered":"<h2>Suomen historian k\u00e4\u00e4nnekohtia<br \/>\n&#8211; Ruotsin vallan ajasta nykyaikaan<\/h2>\n<p><img decoding=\"async\" class=\"alignleft\" src=\"https:\/\/klaava.fi\/media\/kannet\/kansi-suomenhistoria-v2-180.png\" alt=\"E-kirja: Suomen historian k\u00e4\u00e4nnekohtia\"><\/p>\n<p><strong>Ei saatavilla<\/strong> t\u00e4ll\u00e4 hetkell\u00e4.<\/p>\n<p>Kirjailija: Soile Varis<br \/>\nKustantaja: Klaava<br \/>\nJulkaistu: Tammikuu 2017<br \/>\nISBN:<br \/>\n978-952-7074-75-6 (Amazon Kindle)<br \/>\n978-952-7074-76-3 (EPUB)<br \/>\n978-952-7074-77-0 (Apple)<\/p>\n<p><i>Suomen historian k\u00e4\u00e4nnekohtia<\/i> kertoo kaikki olennaiset vaiheet Suomen kehityksest\u00e4 aina satavuotisen valtion itsen\u00e4isyyden julhavuoteen asti. Kirjassa k\u00e4sitelty historiallinen ajanjakso koostuu Ruotsin vallan ajasta, Ven\u00e4j\u00e4n vallan aikakaudesta ja itsen\u00e4isen kansakunnan historiasta.<\/p>\n<p>Runsaasti kuvitettu kirja kertoo tiiviiss\u00e4 tietopaketissa Suomen valtiollisen ja kansainv\u00e4lisen aseman muutoksen. Mukana ovat keskeiset maata kohdanneet kriisit sek\u00e4 yhteiskunnalliset, taloudelliset ja kulttuuriset murrokset.<\/p>\n<p>Suomen historiaan on vaikuttanut moni hallitsija Kustaa Vaasasta, Napoleonista, Aleksanteri II:sta ja Hitlerist\u00e4 l\u00e4htien aina maamme Euroopan Unioniin liitt\u00e4neisiin p\u00e4\u00e4tt\u00e4jiin asti. Kaikilla heill\u00e4 on oman aikansa ja paikkansa t\u00e4ss\u00e4 kronologisesti etenev\u00e4ss\u00e4 kirjassa.<\/p>\n<p>Jokainen Suomen historiasta kiinnostunut voi kirjan lukemalla nopeasti palauttaa mieleens\u00e4 kansakunnan keskeiset vaiheet. Kirja on tiivis tietopaketti, vaikka se kattaa koko lukion Suomen historian kurssin keskeisen tietoaineksen.<\/p>\n<p><!--\n\n\n<h2>Osta kirja<\/h2>\n\n\n<a href=\"http:\/\/www.adlibris.com\/fi\/e-kirja\/suomen-historian-kaannekohtia-9789527074763\">Adlibris<\/a>\n<a href=\"https:\/\/www.amazon.com\/dp\/B01NBRKJM5\/\">Amazon.com<\/a>\n<a href=\"https:\/\/itunes.apple.com\/fi\/book\/suomen-historian-kaannekohtia\/id1191860365?mt=11\">Apple iBooks<\/a>\n<a href=\"https:\/\/kirja.elisa.fi\/ekirja\/suomen-historian-kaannekohtia\">Elisa Kirja<\/a>\n<a href=\"https:\/\/play.google.com\/store\/books\/details\/Soile_Varis_Suomen_historian_k%C3%A4%C3%A4nnekohtia?id=SAPVDQAAQBAJ\">Google Play<\/a>\n<a href=\"https:\/\/www.kobo.com\/es\/en\/ebook\/suomen-historian-kaannekohtia-1\">Kobo<\/a>\n\n--><\/p>\n<h2>Sis\u00e4lt\u00f6<\/h2>\n<p>SUOMI ESIHISTORIALLISENA AIKANA<br \/>\n1. RUOTSIN VALLAN AIKA<br \/>\nSuurvalta Ruotsin nousu ja tuho<br \/>\n2. SUOMI SUURVALTAPOLITIIKAN PELINAPPULANA<br \/>\nAutonomia<br \/>\nSuuriruhtinaskunnan olot<br \/>\n3. SUOMALAISUUDEN SYNTY JA KANSALLINEN HER\u00c4\u00c4MINEN<br \/>\nKansallinen her\u00e4tys<br \/>\nKeskeiset vaikuttajat<br \/>\n4. YHTEISKUNNALLINEN JA TALOUDELLINEN MURROS ALKAA<br \/>\n1860 \u2013 luvun uudistukset<br \/>\nFennomaanit, svekomaanit, liberaalit<br \/>\nKohti kansalaisyhteiskuntaa<br \/>\nTalousel\u00e4m\u00e4<br \/>\nYhteiskunta muuttuu<br \/>\nEnsimm\u00e4inen sortokausi 1899 \u2013 1905<br \/>\nSuhtautuminen ven\u00e4l\u00e4ist\u00e4miseen<br \/>\nEduskuntauudistus 1906<br \/>\nToinen sortokausi 1908 \u2013 1917<br \/>\nJ\u00e4\u00e4k\u00e4riliike<br \/>\n5. SUOMEN ITSEN\u00c4ISTYMISKEHITYS<br \/>\nSuomi itsen\u00e4istyy<br \/>\nSis\u00e4llissota alkaa<br \/>\nLyhyt ja verinen taistelu<br \/>\nTaistelu hallitusmuodosta<br \/>\nSaksalainen kuningas<br \/>\n6. KAHTIAJAOSTA EHEYTYMISEEN<br \/>\nNuori tasavalta<br \/>\nElintaso nousee<br \/>\nKulttuurista kulutustavaraa<br \/>\nViihteen voima<br \/>\nVasemmisto- ja oikeistoradikalismi<br \/>\nSuomi suureksi, Viena vapaaksi<br \/>\nLapuanliike<br \/>\n1920- ja 30- luvun ulkopolitiikka<br \/>\n7. SUOMI TOISESSA MAAILMANSODASSA<br \/>\nKohti talvisotaa<br \/>\n105 taistelujen p\u00e4iv\u00e4\u00e4<br \/>\nV\u00e4lirauhan aika<br \/>\nJatkosota<br \/>\nIrti sodasta<br \/>\nVaaran vuodet<br \/>\nVasemmiston nousu<br \/>\nYYA-sopimus 1948<br \/>\nAnkarat sotakorvaukset<br \/>\nJ\u00e4lleenrakentaminen<br \/>\n8. HYVINVOINTIVALTION RAKENTAMINEN ALKAA<br \/>\nLiennytys<br \/>\nY\u00f6pakkaset<br \/>\nNoottikriisi<br \/>\nTaistelu puolueettomuudesta<br \/>\nKauppapolitiikka<br \/>\nSuomettuminen<br \/>\nRakennemuutos<br \/>\nKulttuurinen muutos<br \/>\n9. SUOMEN UUSI KANSAINV\u00c4LINEN ASEMA<br \/>\nKekkosen j\u00e4lkeen<br \/>\nNeuvostoliitosta Ven\u00e4j\u00e4\u00e4n<br \/>\nEuroopan unioni<br \/>\n1990-luvun lama<br \/>\nHyvinvointivaltion kriisi<br \/>\nSuomi ja globalisaatio<br \/>\nKUVAL\u00c4HTEET<\/p>\n","protected":false},"excerpt":{"rendered":"<table border=\"0\">\n<tr>\n<td valign=\"top\">\n<img decoding=\"async\" src=\"https:\/\/klaava.fi\/media\/kannet\/kansi-suomenhistoriankaannekohtia-180.jpg\" alt=\"E-kirja: Suomen historian k\u00e4\u00e4nnekohtia\" \/>\n<\/td>\n<td>\n<h2>Suomen historian k\u00e4\u00e4nnekohtia<br \/>\n&#8211; Suomen keskeiset vaiheet 1800-luvulta 2000-luvulle<\/h2>\n<p>Kirjoittaja: Soile Varis<br \/>\nKustantaja: Klaava Media<br \/>\nJulkaistu: Hein\u00e4kuu 2011 <\/p>\n<p><a href=\"http:\/\/www.flickr.com\/photos\/klaavamedia\/5964069408\/\">Suurikokoinen kansikuva l\u00f6ytyy t\u00e4\u00e4lt\u00e4<\/a>.\n<\/td>\n<\/tr>\n<\/table>\n","protected":false},"author":2,"featured_media":0,"parent":0,"menu_order":0,"comment_status":"closed","ping_status":"closed","template":"","meta":{"footnotes":""},"class_list":["post-1251","page","type-page","status-publish","hentry"],"_links":{"self":[{"href":"https:\/\/klaava.fi\/index.php?rest_route=\/wp\/v2\/pages\/1251","targetHints":{"allow":["GET"]}}],"collection":[{"href":"https:\/\/klaava.fi\/index.php?rest_route=\/wp\/v2\/pages"}],"about":[{"href":"https:\/\/klaava.fi\/index.php?rest_route=\/wp\/v2\/types\/page"}],"author":[{"embeddable":true,"href":"https:\/\/klaava.fi\/index.php?rest_route=\/wp\/v2\/users\/2"}],"replies":[{"embeddable":true,"href":"https:\/\/klaava.fi\/index.php?rest_route=%2Fwp%2Fv2%2Fcomments&post=1251"}],"version-history":[{"count":1,"href":"https:\/\/klaava.fi\/index.php?rest_route=\/wp\/v2\/pages\/1251\/revisions"}],"predecessor-version":[{"id":7967,"href":"https:\/\/klaava.fi\/index.php?rest_route=\/wp\/v2\/pages\/1251\/revisions\/7967"}],"wp:attachment":[{"href":"https:\/\/klaava.fi\/index.php?rest_route=%2Fwp%2Fv2%2Fmedia&parent=1251"}],"curies":[{"name":"wp","href":"https:\/\/api.w.org\/{rel}","templated":true}]}}