{"id":1345,"date":"2011-10-24T09:47:56","date_gmt":"2011-10-24T09:47:56","guid":{"rendered":"https:\/\/klaava.fi\/?page_id=1345"},"modified":"2024-11-03T15:35:27","modified_gmt":"2024-11-03T13:35:27","slug":"hyvasti-media","status":"publish","type":"page","link":"https:\/\/klaava.fi\/?page_id=1345","title":{"rendered":"Hyv\u00e4sti media"},"content":{"rendered":"<h2>Hyv\u00e4sti media &#8211; Tervetuloa digitaalisen sis\u00e4ll\u00f6n, Internetin ja medialaitteiden muovaaman kulttuurin ja liiketoiminnan aikakaudelle<\/h2>\n<p><img decoding=\"async\" class=\"alignleft\" src=\"https:\/\/klaava.fi\/media\/kannet\/kansi-hyvastimedia-180.jpg\" alt=\"E-kirja: Hyv\u00e4sti media - Tervetuloa digitaalisen sis\u00e4ll\u00f6n, Internetin ja medialaitteiden muovaaman kulttuurin ja liiketoiminnan aikakaudelle\" \/><\/p>\n<p>Kirjoittaja: Ari Hakkarainen<br \/>\nKustantaja: Klaava Media<br \/>\nJulkaistu: Lokakuu 2011<br \/>\nISBN:<br \/>\n978-952-5901-16-0 (EPUB)<br \/>\n978-952-7074-08-4 (Amazon Kindle)<\/p>\n<p><a href=\"http:\/\/www.flickr.com\/photos\/mediakirja\/6308952908\/\">Suuri kansikuva l\u00f6ytyy t\u00e4\u00e4lt\u00e4<\/a>.<\/p>\n<p>Tervetuloa digitaalisen sis\u00e4ll\u00f6n, Internetin ja medialaitteiden muovaaman kulttuurin ja liiketoiminnan aikakaudelle. <\/p>\n<p>El\u00e4mme niin valtavan muutoksen alkuhetki\u00e4 median historiassa, ett\u00e4 sen laajuuden hahmottaminen on vaativaa. Tosiasia on, ett\u00e4 teknologian kehitys on mahdollistanut median murroksen, joka puolestaan aiheuttaa siihen liittyvien tapojen ja liiketoiminnan uudelleensyntymisen. Kyse ei en\u00e4\u00e4 ole siit\u00e4 muuttuuko media digitaaliseksi, vaan ainoastaan siit\u00e4, miten nopeasti ja miss\u00e4 laajuudessa n\u00e4in k\u00e4y. Varmaa my\u00f6s on, ett\u00e4 murroksen vaikutukset ulottuvat omaan arkiel\u00e4m\u00e4\u00e4mme, kulttuuriin, liiketoimintaan ja koko yhteiskuntaan.<\/p>\n<p>Hyv\u00e4sti media -kirjassa analysoidaan niin suomalaisten kuin kansainv\u00e4listenkin media-alan vaikuttajien ja asiantuntijoiden kanssa sek\u00e4 tutkimusten ja tilastojen avulla median murroksen vaikutuksia. Meneill\u00e4\u00e4n oleva k\u00e4\u00e4nnekohta ei suinkaan ole ensimm\u00e4inen median historiassa. Jokainen kirjassa k\u00e4sitelty viestint\u00e4v\u00e4line &#8211; elokuvat, kirjallisuus, lehdist\u00f6, musiikki, radio ja televisio &#8211; ovat olemassaolonsa aikana kohdanneet teknologisia ja taloudellisia ep\u00e4jatkuvuuskohtia, jotka ovat ohjanneet niiden kehityst\u00e4. Katsaus kunkin median historiaan paljastaa niiden ikuisen kamppailun yleis\u00f6st\u00e4 maailman ymp\u00e4rill\u00e4 jatkuvasti muuttuessa.<\/p>\n<p>Historiasta ei median tulevaisuutta voi ennustaa, mutta megatrendej\u00e4 on jo mahdollista tunnistaa. Muutosprosessin keski\u00f6ss\u00e4 tulee viestint\u00e4v\u00e4lineen sijaan olemaan digitaalisen sis\u00e4ll\u00f6n, Internetin ja medialaitteen kolmiyhteys.  Fyysisten mediatuotteiden sijaan digitaaliset sis\u00e4lt\u00f6tuotteet jaellaan jatkossa suoraan asiakkaiden medialaitteisiin, kuten Internetiin kytkettyihin televisiovastaanottimiin, tietokoneisiin, tablet-laitteisiin ja matkapuhelimiin. Kirjassa esitell\u00e4\u00e4n kunkin median teknologian ja liiketoiminnan kulmakivet, joista media-alaan perehtym\u00e4t\u00f6nkin lukija voi n\u00e4hd\u00e4 viestint\u00e4v\u00e4lineen kehityskaaren.<\/p>\n<p>Yksil\u00f6n, yrityksen ja yhteiskunnan asenteesta riippuen digitaalinen media on uhka tai mahdollisuus. Nettisukupolvi ja suuret ik\u00e4luokat hy\u00f6dynt\u00e4v\u00e4t modernia mediaa hyvin eri tavoin, mutta yrityksille asenne on el\u00e4m\u00e4n ja kuoleman kysymys. Juuri nyt uudet yritykset ja muilta toimialoilta tulevat suuryhti\u00f6t valtaavat mediamarkkinoita perinteisten toimijoiden nen\u00e4n edest\u00e4. Kirjassa tarkastellaan yrityksi\u00e4 ja liiketoimintaa esimerkkitarinoiden kautta, joista selvi\u00e4\u00e4 mink\u00e4laisista tekij\u00f6ist\u00e4 voittajia syntyy ja mihin h\u00e4vi\u00e4j\u00e4t kompastuvat.<\/p>\n<h2>Lataa ilmainen e-kirja<\/h2>\n<p>Lue ilmainen n\u00e4yteluku Hyv\u00e4sti media -kirjasta:<br \/>\n<a href=\"https:\/\/klaava.fi\/kirjanayte\/hyvastimedia-nayte-lokakuu2011.epub\">Lataa EPUB-muotoinen e-kirja t\u00e4st\u00e4<\/a>.<\/p>\n<h2>P\u00e4\u00e4tason sis\u00e4llysluettelo<\/h2>\n<p>1. Median megatrendit<br \/>\n2. Elokuva<br \/>\n3. Kirjallisuus<br \/>\n4. Lehdist\u00f6<br \/>\n5. Musiikki<br \/>\n6. Radio<br \/>\n7. Televisio<br \/>\n8. Internet<br \/>\n9. Teknologian kehitys synnytt\u00e4\u00e4 uutta medialiiketoimintaa<\/p>\n<h2>Osta kirja<\/h2>\n<p>Saat koko kirjan heti luettavaksi n\u00e4ist\u00e4 kaupoista:<\/p>\n<p><b><a href=\"http:\/\/www.amazon.com\/Hyv%C3%A4sti-media-digitaalisen-medialaitteiden-liiketoiminnan-ebook\/dp\/B00L0E0Z3C\/\">Amazon.com<\/a><\/b><br \/>\n<strong><a href=\"http:\/\/itunes.apple.com\/fi\/book\/hyvasti-media\/id500550427?mt=11\">Apple iBookstore<\/a><\/strong>.<br \/>\n<strong><a href=\"http:\/\/www.elibris.fi\/hyvasti-media-p-20485.html\">Elibris<\/a><\/strong><br \/>\n<strong><a href=\"http:\/\/kirja.elisa.fi\/ekirja\/hyvasti-media\">Elisa Kirja<\/a><\/strong><br \/>\n<strong><a href=\"http:\/\/www.ellibs.com\/fi\/book\/978-952-5901-16-0\">Ellibs<\/a><\/strong><br \/>\n<strong><a href=\"https:\/\/play.google.com\/store\/books\/details\/Ari_Hakkarainen_Hyv%C3%A4sti_media?id=WiROAgAAQBAJ\">Google Play<\/a><\/strong><br \/>\n<strong><a href=\"http:\/\/www.kobobooks.com\/ebook\/Hyv%C3%A4sti-media\/book-bxBo8gSsX0OmvD8cPcF78w\/page1.html?s=NZe-CMA4NESieMHBgWzqOQ&#038;r=2\">Kobo<\/a><\/strong><\/p>\n<h2>Video: kirjan esittely<\/h2>\n<p><iframe loading=\"lazy\" width=\"480\" height=\"360\" src=\"http:\/\/www.youtube.com\/embed\/IblaURXQ6zk?rel=0\" frameborder=\"0\" allowfullscreen><\/iframe><\/p>\n","protected":false},"excerpt":{"rendered":"<table border=\"0\">\n<tr>\n<td >\n<img decoding=\"async\" src=\"https:\/\/klaava.fi\/media\/kannet\/kansi-hyvastimedia-180.jpg\" alt=\"E-kirja: Hyv\u00e4sti media - Tervetuloa digitaalisen sis\u00e4ll\u00f6n, Internetin ja medialaitteiden muovaaman kulttuurin ja liiketoiminnan aikakaudelle\" \/>\n<\/td>\n<td valign=\"top\">\n<h2>Hyv\u00e4sti media  &#8211;  Tervetuloa digitaalisen sis\u00e4ll\u00f6n, Internetin ja medialaitteiden muovaaman kulttuurin ja liiketoiminnan aikakaudelle<\/h2>\n<p>Kirjoittaja: Ari Hakkarainen<br \/>\nKustantaja: Klaava Media<br \/>\nJulkaistu: Lokakuu 2011<br \/>\nISBN:<br \/>\n978-952-5901-16-0 (EPUB)<br \/>\n978-952-7074-08-4 (Amazon Kindle)<\/p>\n","protected":false},"author":2,"featured_media":0,"parent":0,"menu_order":0,"comment_status":"closed","ping_status":"closed","template":"","meta":{"footnotes":""},"class_list":["post-1345","page","type-page","status-publish","hentry"],"_links":{"self":[{"href":"https:\/\/klaava.fi\/index.php?rest_route=\/wp\/v2\/pages\/1345","targetHints":{"allow":["GET"]}}],"collection":[{"href":"https:\/\/klaava.fi\/index.php?rest_route=\/wp\/v2\/pages"}],"about":[{"href":"https:\/\/klaava.fi\/index.php?rest_route=\/wp\/v2\/types\/page"}],"author":[{"embeddable":true,"href":"https:\/\/klaava.fi\/index.php?rest_route=\/wp\/v2\/users\/2"}],"replies":[{"embeddable":true,"href":"https:\/\/klaava.fi\/index.php?rest_route=%2Fwp%2Fv2%2Fcomments&post=1345"}],"version-history":[{"count":1,"href":"https:\/\/klaava.fi\/index.php?rest_route=\/wp\/v2\/pages\/1345\/revisions"}],"predecessor-version":[{"id":7901,"href":"https:\/\/klaava.fi\/index.php?rest_route=\/wp\/v2\/pages\/1345\/revisions\/7901"}],"wp:attachment":[{"href":"https:\/\/klaava.fi\/index.php?rest_route=%2Fwp%2Fv2%2Fmedia&parent=1345"}],"curies":[{"name":"wp","href":"https:\/\/api.w.org\/{rel}","templated":true}]}}