{"id":1389,"date":"2011-11-29T15:31:38","date_gmt":"2011-11-29T15:31:38","guid":{"rendered":"https:\/\/klaava.fi\/?page_id=1389"},"modified":"2024-11-04T14:05:32","modified_gmt":"2024-11-04T12:05:32","slug":"kirjat-e-kirjoiksi","status":"publish","type":"page","link":"https:\/\/klaava.fi\/?page_id=1389","title":{"rendered":"Kirjat e-kirjoiksi"},"content":{"rendered":"<p>E-kirjojen markkina on syntym\u00e4ss\u00e4. Uuden julkaisu- ja lukutavan edell\u00e4k\u00e4vij\u00e4maassa Yhdysvalloissa e-kirjat ovat jo valtavirran media. Eurooppa seuraa s\u00e4hk\u00f6isen kirjallisuuden suunnann\u00e4ytt\u00e4j\u00e4\u00e4 lyhyell\u00e4 viiveell\u00e4.<\/p>\n<p>Helposti, edullisesti ja nopeasti p\u00e4\u00e4set kasvaville e-kirjojen markkinoille mukaan k\u00e4\u00e4ntym\u00e4ll\u00e4 asiantuntijan puoleen. Klaava Media on erikoistunut e-kirjojen tuotantoon, jakeluun ja julkaisuun. Toimintaa tukeva Klaava.fi-verkkosivusto levitt\u00e4\u00e4 yleis\u00f6lle tietoa digitaalisesta kulttuurista ja nykyaikaisista tavoista nauttia kirjallisuudesta.<\/p>\n<p>Kotimaisten jakelukanavien lis\u00e4ksi meill\u00e4 on yhteydet kansainv\u00e4lisiin jakelukanaviin, kuten Amazon- ja Apple iBookstore -verkkokauppoihin.<\/p>\n<p>K\u00e4yt\u00e4nn\u00f6ss\u00e4 voimme auttaa e-kirjojen:<br \/>\n&#8211; Suunnitteluty\u00f6ss\u00e4<br \/>\n&#8211; Taitossa<br \/>\n&#8211; Testaamisessa eri laite- ja ohjelmistoymp\u00e4rist\u00f6iss\u00e4<br \/>\n&#8211; Jakelun j\u00e4rjest\u00e4misess\u00e4<\/p>\n<p>Ota yhteytt\u00e4 s\u00e4hk\u00f6postilla <a href=\"mailto:kirja@klaava.fi\">kirja@klaava.fi<\/a> tai soita +358-9-23165599.<\/p>\n","protected":false},"excerpt":{"rendered":"<p>E-kirjojen markkina on syntym\u00e4ss\u00e4. Uuden julkaisu- ja lukutavan edell\u00e4k\u00e4vij\u00e4maassa Yhdysvalloissa e-kirjat ovat jo valtavirran media. Eurooppa seuraa s\u00e4hk\u00f6isen kirjallisuuden suunnann\u00e4ytt\u00e4j\u00e4\u00e4 lyhyell\u00e4 viiveell\u00e4.<\/p>\n<p>Helposti, edullisesti ja nopeasti p\u00e4\u00e4set kasvaville e-kirjojen markkinoille mukaan k\u00e4\u00e4ntym\u00e4ll\u00e4 asiantuntijan puoleen. Klaava Media on erikoistunut e-kirjojen tuotantoon, jakeluun ja julkaisuun. Toimintaa tukeva Klaava.fi-verkkosivusto levitt\u00e4\u00e4 yleis\u00f6lle tietoa digitaalisesta kulttuurista ja nykyaikaisista tavoista nauttia kirjallisuudesta.<\/p>\n","protected":false},"author":2,"featured_media":0,"parent":0,"menu_order":0,"comment_status":"closed","ping_status":"closed","template":"","meta":{"footnotes":""},"class_list":["post-1389","page","type-page","status-publish","hentry"],"_links":{"self":[{"href":"https:\/\/klaava.fi\/index.php?rest_route=\/wp\/v2\/pages\/1389","targetHints":{"allow":["GET"]}}],"collection":[{"href":"https:\/\/klaava.fi\/index.php?rest_route=\/wp\/v2\/pages"}],"about":[{"href":"https:\/\/klaava.fi\/index.php?rest_route=\/wp\/v2\/types\/page"}],"author":[{"embeddable":true,"href":"https:\/\/klaava.fi\/index.php?rest_route=\/wp\/v2\/users\/2"}],"replies":[{"embeddable":true,"href":"https:\/\/klaava.fi\/index.php?rest_route=%2Fwp%2Fv2%2Fcomments&post=1389"}],"version-history":[{"count":1,"href":"https:\/\/klaava.fi\/index.php?rest_route=\/wp\/v2\/pages\/1389\/revisions"}],"predecessor-version":[{"id":7925,"href":"https:\/\/klaava.fi\/index.php?rest_route=\/wp\/v2\/pages\/1389\/revisions\/7925"}],"wp:attachment":[{"href":"https:\/\/klaava.fi\/index.php?rest_route=%2Fwp%2Fv2%2Fmedia&parent=1389"}],"curies":[{"name":"wp","href":"https:\/\/api.w.org\/{rel}","templated":true}]}}