{"id":1544,"date":"2012-06-11T12:29:20","date_gmt":"2012-06-11T12:29:20","guid":{"rendered":"https:\/\/klaava.fi\/?page_id=1544"},"modified":"2024-11-06T12:05:12","modified_gmt":"2024-11-06T10:05:12","slug":"rakkaudesta-sijoittamiseen-nyman-kayhko-lonnqvist-savolainen-stormbom-valkonen-valtonen","status":"publish","type":"page","link":"https:\/\/klaava.fi\/?page_id=1544","title":{"rendered":"Rakkaudesta sijoittamiseen"},"content":{"rendered":"<h2>Rakkaudesta sijoittamiseen &#8211; Testattua tietoa ja vallattomia vinkkej\u00e4 sijoittajille<\/h2>\n<p><img decoding=\"async\" class=\"alignleft\" src=\"https:\/\/klaava.fi\/media\/kannet\/kansi-rakkaudestasijoittamiseen-180.jpg\" alt=\"E-kirja: Rakkaudesta sijoittamiseen\"><\/p>\n<p><strong>EI SAATAVILLA<\/strong><\/p>\n<p>Kirjoittajat: Kai Nyman, Kalle K\u00e4yhk\u00f6, Jarno L\u00f6nnqvist, Matias Savolainen, Lars Stormbom, Pekka Valkonen, Risto Valtonen<br \/>\nKustantaja: Klaava<br \/>\nJulkaistu: Kes\u00e4kuu 2012<br \/>\nISBN: 978-952-5901-33-7 (EPUB)<\/p>\n<p>Testattua tietoa ja vallattomia vinkkej\u00e4 sijoittajille.<\/p>\n<p>Rakkaudesta sijoittamiseen valottaa sek\u00e4 sijoittamisen perusteita vasta-alkajille ett\u00e4 esitt\u00e4\u00e4 edistyneille sijoittajille tuoreita n\u00e4k\u00f6kulmia markkinatapahtumien arviointiin. Kirjassa l\u00e4hdet\u00e4\u00e4n liikkeelle siit\u00e4 kaikkein t\u00e4rkeimm\u00e4st\u00e4: piensijoittajan sielunmaisemasta. Kun omat arvot ja rajat ovat kirkkaana mieless\u00e4, sijoittaja voi edet\u00e4 osakemarkkinoille, hajauttaa kansainv\u00e4lisiin kohteisiin, rahastoihin, asuntoihin, tai vaikkapa raaka-aineisiin.<\/p>\n<p>Sijoituskohteiden arviointiin on olemassa monia menetelmi\u00e4, joista osa ei ole kaukana mustasta magiasta. Kirjassa suositaan kuitenkin maalaisj\u00e4rke\u00e4, makrotaloutta ja matemaattisia v\u00e4lineit\u00e4, joita kirjoittajat soveltavat my\u00f6s omiin sijoituksiinsa. Sijoituspiireiss\u00e4 vilkkaasti liikkuvat urbaanit legendat joutuvat kriittiseen tarkasteluun kokeneiden sijoittajien k\u00e4sittelyss\u00e4, eik\u00e4 taloustiedek\u00e4\u00e4n ole turvassa kirjoittajien tarkalta analyysilt\u00e4.<\/p>\n<p>Kirja soveltuu uteliaalle sijoittajalle, joka etsii itselleen oikeaa tapaa aloittaa sijoitustoiminta ja edistyneelle sijoittajalle, joka kaipaa uusia n\u00e4k\u00f6kulmia ja vinkkej\u00e4 valtavirran, ja etenkin siit\u00e4 poikkeavien menetelmien ja sijoituskohteiden hakuun.<\/p>\n<p>Kirjan kirjoittajat ovat kokeneita sijoittajia, jotka salkkujensa jatkuvan p\u00e4ivitt\u00e4misen ohella seuraavat tarkasti talouden kehityst\u00e4, hakevat ahkerasti uusia kohteita ja p\u00e4ivitt\u00e4v\u00e4t vinkkej\u00e4\u00e4n Piksu.net-verkkolehden sivuille. Kirja on toimitettu Piksu-julkaisussa ilmestyneist\u00e4 artikkeleista.<\/p>\n<p><!--\n\n\n<h2>Lataa ilmainen e-kirja<\/h2>\n\n\nLue ilmainen n\u00e4yte Rakkaudesta sijoittamiseen -kirjasta:\n<a href=\"https:\/\/klaava.fi\/kirjanayte\/RakkaudestaSijoittamiseen-nayte.epub\">Lataa EPUB-muotoinen e-kirja<\/a>\n\n\n<h2>Osta kirja<\/h2>\n\n\nSaat koko kirjan heti luettavaksi n\u00e4ist\u00e4 kaupoista:\n\n<strong><a href=\"http:\/\/www.amazon.com\/Rakkaudesta-sijoittamiseen-Testattua-vallattomia-sijoittajille-ebook\/dp\/B00IMCKPRG\/\">Amazon.com<\/a><\/strong> (Kindle)\n<strong><a href=\"http:\/\/www.amazon.de\/Rakkaudesta-sijoittamiseen-Testattua-vallattomia-sijoittajille-ebook\/dp\/B00IMCKPRG\/\">Amazon.de<\/a><\/strong>\n- kirja on saatavilla kaikissa maakohtaisissa Amazon-kaupoissa\n<strong>Apple iBookstore<\/strong> -kaupasta kirjan voi ladata suoraan iPad, iPhone ja iPod Touch -laitteisiin.\n<a href=\"http:\/\/itunes.apple.com\/fi\/book\/rakkaudesta-sijoittamiseen\/id535503232?mt=11\"><strong>Apple iTunes -kaupassa<\/strong><\/a> voit katsoa kirjan tiedot ja ladata ilmaisen n\u00e4ytteen tietokoneelle.\n<a href=\"http:\/\/kirja.elisa.fi\/ekirja\/rakkaudesta-sijoittamiseen\"><strong>Elisa Kirja<\/strong><\/a> (EPUB)\n<a href=\"http:\/\/www.ellibs.com\/fi\/book\/978-952-5901-33-7\"><strong>Ellibs<\/strong><\/a> (EPUB)\n<strong><a href=\"https:\/\/play.google.com\/store\/books\/details\/Kai_Nyman_Rakkaudesta_sijoittamiseen?id=OWNOAgAAQBAJ\">Google Play Kirjat<\/a><\/strong> (EPUB)\n<strong><a href=\"http:\/\/www.kobobooks.com\/ebook\/Rakkaudesta-sijoittamiseen\/book-gi5th5yxRUudUFNjDDSekA\/page1.html?s=RCgiyCDdSUejYLWxcGbzQw&amp;r=1\">Kobo<\/a><\/strong> (EPUB)\n\n--><\/p>\n<h2>Kirjan sis\u00e4llysluettelo<\/h2>\n<p>Esipuhe<br \/>\n1. Sijoittamisen lyhyt oppim\u00e4\u00e4r\u00e4<br \/>\n2. Haetko pikavoittoja vai tasaista tuottoa?<br \/>\n3. N\u00e4in tunnistat sijoituksesi arvoiset yritykset<br \/>\n4. Hajauta ja hallitse<br \/>\n5. Taksikuskin sijoitusvinkkien l\u00e4pivalaisu<br \/>\n6. Valtavirrasta poikkeavat menetelm\u00e4t<br \/>\n7. Oikea hetki sijoittaa asuntoon<\/p>\n","protected":false},"excerpt":{"rendered":"<table border=\"0\">\n<tr>\n<td valign=\"top\">\n<img decoding=\"async\" src=\"https:\/\/klaava.fi\/media\/kannet\/kansi-rakkaudestasijoittamiseen-180.jpg\" alt=\"E-kirja: Rakkaudesta sijoittamiseen\" \/>\n<\/td>\n<td valign=\"top\">\n<h2>Rakkaudesta sijoittamiseen &#8211; Testattua tietoa ja vallattomia vinkkej\u00e4 sijoittajille<\/h2>\n<p>Kirjoittajat: Kai Nyman, Kalle K\u00e4yhk\u00f6, Jarno L\u00f6nnqvist, Matias Savolainen, Lars Stormbom, Pekka Valkonen, Risto Valtonen<br \/>\nKustantaja: Klaava Media<br \/>\nJulkaistu: Kes\u00e4kuu 2012<br \/>\nISBN: 978-952-5901-33-7 <\/p>\n","protected":false},"author":2,"featured_media":0,"parent":0,"menu_order":0,"comment_status":"closed","ping_status":"closed","template":"","meta":{"footnotes":""},"class_list":["post-1544","page","type-page","status-publish","hentry"],"_links":{"self":[{"href":"https:\/\/klaava.fi\/index.php?rest_route=\/wp\/v2\/pages\/1544","targetHints":{"allow":["GET"]}}],"collection":[{"href":"https:\/\/klaava.fi\/index.php?rest_route=\/wp\/v2\/pages"}],"about":[{"href":"https:\/\/klaava.fi\/index.php?rest_route=\/wp\/v2\/types\/page"}],"author":[{"embeddable":true,"href":"https:\/\/klaava.fi\/index.php?rest_route=\/wp\/v2\/users\/2"}],"replies":[{"embeddable":true,"href":"https:\/\/klaava.fi\/index.php?rest_route=%2Fwp%2Fv2%2Fcomments&post=1544"}],"version-history":[{"count":1,"href":"https:\/\/klaava.fi\/index.php?rest_route=\/wp\/v2\/pages\/1544\/revisions"}],"predecessor-version":[{"id":7957,"href":"https:\/\/klaava.fi\/index.php?rest_route=\/wp\/v2\/pages\/1544\/revisions\/7957"}],"wp:attachment":[{"href":"https:\/\/klaava.fi\/index.php?rest_route=%2Fwp%2Fv2%2Fmedia&parent=1544"}],"curies":[{"name":"wp","href":"https:\/\/api.w.org\/{rel}","templated":true}]}}