{"id":1668,"date":"2012-11-03T14:10:30","date_gmt":"2012-11-03T14:10:30","guid":{"rendered":"https:\/\/klaava.fi\/?page_id=1668"},"modified":"2024-11-03T11:59:39","modified_gmt":"2024-11-03T09:59:39","slug":"e-kirjoja-myyvat-kirjakaupat","status":"publish","type":"page","link":"https:\/\/klaava.fi\/?page_id=1668","title":{"rendered":"E-kirjoja myyv\u00e4t kirjakaupat"},"content":{"rendered":"<h2>Adlibris<\/h2>\n<p><a href=\"http:\/\/www.adlibris.com\/fi\/haku?q=klaava\">Adlibris Suomi<\/a><br \/>\nE-kirjat ovat saatavilla my\u00f6s muista Adlibriksen Pohjoismaisista kaupoista.<\/p>\n<h2>Amazon Kindle Store -kirjakauppa<\/h2>\n<p><a href=\"http:\/\/www.amazon.com\/s\/ref=nb_sb_noss_1?url=search-alias%3Ddigital-text&#038;field-keywords=klaava+media\">Amazon.com<\/a><br \/>\nE-kirjat saatavilla my\u00f6s kaikista muista Amazon-kaupoista, kuten Amazon.co.uk, Amazon.de, Amazon.fr, jne.<\/p>\n<h2>Apple iBooks -kirjakauppa<\/h2>\n<p>iPad, iPhone ja Mac -laitteille: k\u00e4ynnist\u00e4 iBooks-sovellus ja valitse kauppa (Store), niin p\u00e4\u00e4set kirjaostoksille.<\/p>\n<h2>Elisa Kirja<\/h2>\n<p><a href=\"https:\/\/kirja.elisa.fi\/search_results\/klaava\">Elisa Kirja<\/a><\/p>\n<h2>Ellibs<\/h2>\n<p><a href=\"http:\/\/www.ellibs.com\/fi\/books\/publisher\/0\/Klaava+Media\">Ellibs.fi<\/a><\/p>\n<h2>Google Play Kirjat<\/h2>\n<p><a href=\"https:\/\/play.google.com\/store\/books\">Google Play -kirjakauppa<\/a><\/p>\n<h2>Kobo-kirjakauppa<\/h2>\n<p><a href=\"http:\/\/store.kobobooks.com\/search?Query=klaava\">Kobobooks.com<\/a><\/p>\n<h2>Storytel<\/h2>\n<p><a href=\"http:\/\/storytel.fi\/\">Kuukausimaksullinen \u00e4\u00e4nikirja- ja e-kirjapalvelu<\/a><\/p>\n","protected":false},"excerpt":{"rendered":"<h2>Amazon Kindle Store -kirjakauppa<\/h2>\n<p><a href=\"http:\/\/www.amazon.com\/s\/ref=nb_sb_noss_1?url=search-alias%3Ddigital-text&#038;field-keywords=klaava+media\">Amazon.com<\/a><br \/>\nE-kirjat saatavilla my\u00f6s kaikista muista Amazon-kaupoista, kuten Amazon.co.uk, Amazon.de, Amazon.fr, jne.<\/p>\n<h2>Elisa Kirja<\/h2>\n<p><a href=\"https:\/\/kirja.elisa.fi\/search_results\/klaava\">Elisa Kirja<\/a><\/p>\n<h2>Ellibs-kirjakaupasta e-kirjat sek\u00e4 yksityishenkil\u00f6ille ett\u00e4 kirjastoille<\/h2>\n<p><a href=\"http:\/\/www.ellibs.com\/fi\/books\/publisher\/0\/Klaava+Media\">Ellibs.fi<\/a><\/p>\n<h2>Google Play Kirjat<\/h2>\n","protected":false},"author":2,"featured_media":0,"parent":0,"menu_order":0,"comment_status":"closed","ping_status":"open","template":"","meta":{"footnotes":""},"class_list":["post-1668","page","type-page","status-publish","hentry"],"_links":{"self":[{"href":"https:\/\/klaava.fi\/index.php?rest_route=\/wp\/v2\/pages\/1668","targetHints":{"allow":["GET"]}}],"collection":[{"href":"https:\/\/klaava.fi\/index.php?rest_route=\/wp\/v2\/pages"}],"about":[{"href":"https:\/\/klaava.fi\/index.php?rest_route=\/wp\/v2\/types\/page"}],"author":[{"embeddable":true,"href":"https:\/\/klaava.fi\/index.php?rest_route=\/wp\/v2\/users\/2"}],"replies":[{"embeddable":true,"href":"https:\/\/klaava.fi\/index.php?rest_route=%2Fwp%2Fv2%2Fcomments&post=1668"}],"version-history":[{"count":1,"href":"https:\/\/klaava.fi\/index.php?rest_route=\/wp\/v2\/pages\/1668\/revisions"}],"predecessor-version":[{"id":7876,"href":"https:\/\/klaava.fi\/index.php?rest_route=\/wp\/v2\/pages\/1668\/revisions\/7876"}],"wp:attachment":[{"href":"https:\/\/klaava.fi\/index.php?rest_route=%2Fwp%2Fv2%2Fmedia&parent=1668"}],"curies":[{"name":"wp","href":"https:\/\/api.w.org\/{rel}","templated":true}]}}