{"id":1708,"date":"2013-01-06T16:51:37","date_gmt":"2013-01-06T13:51:37","guid":{"rendered":"https:\/\/klaava.fi\/?page_id=1708"},"modified":"2024-11-04T14:04:59","modified_gmt":"2024-11-04T12:04:59","slug":"kari-ojala","status":"publish","type":"page","link":"https:\/\/klaava.fi\/?page_id=1708","title":{"rendered":"Kari Ojala"},"content":{"rendered":"<p>Kari Ojala was born in 1952 in Finland. He is a civil engineer, and a non-fiction writer. He runs his own consultation and book publishing company <a href=\"http:\/\/www.etukeno.fi\/inenglish.html\">Etukeno Ltd<\/a>. Before establishing Etukeno Ltd, he used to work as a transport, city planning and environmental expert in governmental, municipal and international organisations.<\/p>\n<p>Find out more about his book <a href=\"http:\/\/klaava.com\/the-engineers-cookbook\/\">The Engineer&#8217;s Cookbook<\/a>.<\/p>\n<p><strong>Suomeksi:<\/strong><br \/>\nVuonna 1952 syntynyt Kari Ojala on diplomi-insin\u00f6\u00f6ri ja tietokirjailija. H\u00e4n toimii konsulttina ja kirjakustantajana perustamassaan <a href=\"http:\/\/etukeno.fi\">Etukeno Oy<\/a>:ss\u00e4. Ennen oman yrityksen perustamista h\u00e4n ty\u00f6skenteli kaupunkisuunnittelu-, liikenne- ja ymp\u00e4rist\u00f6asiantuntijana valtionhallinnossa, kuntasektorilla ja kansainv\u00e4lisiss\u00e4 organisaatioissa.<\/p>\n<p>H\u00e4nen suomenkieliset e-kirjansa <a href=\"https:\/\/klaava.fi\/?page_id=2567\">Vanhan liiton mies<\/a>, <a href=\"https:\/\/klaava.fi\/node\/1788\">Irti tavarasta<\/a> ja <a href=\"https:\/\/klaava.fi\/node\/1789\">Kirjoittajan ansaintalogiikka<\/a> ovat saatavilla verkkokaupoissa.<\/p>\n","protected":false},"excerpt":{"rendered":"<p>Kari Ojala was born in 1952 in Finland. He is a civil engineer, and a non-fiction writer. He runs his own consultation and book publishing company <a href=\"http:\/\/www.etukeno.fi\/inenglish.html\">Etukeno Ltd<\/a>. Before establishing Etukeno Ltd, he used to work as a transport, city planning and environmental expert in governmental, municipal and international organisations.<\/p>\n<p>Find out more about his book <a href=\"http:\/\/klaava.com\/the-engineers-cookbook\/\">The Engineer&#8217;s Cookbook<\/a>.<\/p>\n<p><strong>Suomeksi:<\/strong><\/p>\n","protected":false},"author":3,"featured_media":0,"parent":0,"menu_order":0,"comment_status":"closed","ping_status":"closed","template":"","meta":{"footnotes":""},"class_list":["post-1708","page","type-page","status-publish","hentry"],"_links":{"self":[{"href":"https:\/\/klaava.fi\/index.php?rest_route=\/wp\/v2\/pages\/1708","targetHints":{"allow":["GET"]}}],"collection":[{"href":"https:\/\/klaava.fi\/index.php?rest_route=\/wp\/v2\/pages"}],"about":[{"href":"https:\/\/klaava.fi\/index.php?rest_route=\/wp\/v2\/types\/page"}],"author":[{"embeddable":true,"href":"https:\/\/klaava.fi\/index.php?rest_route=\/wp\/v2\/users\/3"}],"replies":[{"embeddable":true,"href":"https:\/\/klaava.fi\/index.php?rest_route=%2Fwp%2Fv2%2Fcomments&post=1708"}],"version-history":[{"count":1,"href":"https:\/\/klaava.fi\/index.php?rest_route=\/wp\/v2\/pages\/1708\/revisions"}],"predecessor-version":[{"id":7922,"href":"https:\/\/klaava.fi\/index.php?rest_route=\/wp\/v2\/pages\/1708\/revisions\/7922"}],"wp:attachment":[{"href":"https:\/\/klaava.fi\/index.php?rest_route=%2Fwp%2Fv2%2Fmedia&parent=1708"}],"curies":[{"name":"wp","href":"https:\/\/api.w.org\/{rel}","templated":true}]}}