{"id":1784,"date":"2013-03-30T12:02:18","date_gmt":"2013-03-30T12:02:18","guid":{"rendered":"https:\/\/klaava.fi\/?page_id=1784"},"modified":"2024-11-06T12:07:38","modified_gmt":"2024-11-06T10:07:38","slug":"talvisota-1939-1940-soile-varis","status":"publish","type":"page","link":"https:\/\/klaava.fi\/?page_id=1784","title":{"rendered":"Talvisota 1939 &#8211; 1940, Soile Varis"},"content":{"rendered":"<h2>Talvisota 1939-1940<\/h2>\n<p><img decoding=\"async\" class=\"alignleft\" src=\"https:\/\/klaava.fi\/media\/kannet\/kansi-talvisota-ipad-180.jpg\" alt=\"Lataa ja lue e-kirja: Talvisota 1939-1940\"><\/p>\n<p><strong>EI SAATAVILLA<\/strong><\/p>\n<p>Kirjoittaja: Soile Varis<br \/>\nKustantaja: Klaava Media<br \/>\nISBN:<br \/>\n978-952-5901-61-0 (Apple iBooks)<br \/>\n978-952-5901-66-5 (EPUB)<br \/>\n978-952-7074-01-5 (Amazon Kindle)<\/p>\n<p>Talvisota 1939 &#8211; 1940 kertoo sotaan johtaneiden tapahtumien, itse sodan ja sen seurausten p\u00e4\u00e4kohdat. Kirja taustoittaa my\u00f6s jatkosotaan johtaneita syit\u00e4.<\/p>\n<p>Talvisodalla on aivan erityislaatuinen merkitys Suomelle. Talvisodan tarina her\u00e4tt\u00e4\u00e4 edelleen, yli 70 vuoden j\u00e4lkeen, tunteita ja kiinnostusta niin kotimaassa kuin ulkomaillakin. Lyhyen sodan aikana pieni kansa taisteli urheasti ylivoimaista vihollista vastaan v\u00e4ltt\u00e4en kohtalon, jonka suurvallat olivat sille suunnitelleet.<\/p>\n<p>Kirjassa esitell\u00e4\u00e4n sodan ratkaisevat taistelut, kuten Kollaa, Raate ja Summa. Sek\u00e4 Neuvostoliiton ett\u00e4 Suomen varustusta ja aseistusta kartoitetaan, kuten my\u00f6s sodan ajan taloutta ja kotirintaman toimintaa. Omat henkil\u00f6kuvansa kirjassa saavat Suomea sodan aikana johtaneet Ky\u00f6sti Kallio, Risto Ryti ja C.G.E. Mannerheim.<\/p>\n<p>Valokuvat ja kartat tuovat lis\u00e4v\u00e4ri\u00e4 tiiviseen tietopakettiin.<\/p>\n<p><!--\n\n\n<h2>Lue n\u00e4yte kirjasta<\/h2>\n\n\n<a href=\"https:\/\/klaava.fi\/kirjanayte\/talvisota-nayte\/talvisota-nayte-1.html\">Lue n\u00e4yteluvut t\u00e4st\u00e4<\/a>.\ntai\n<a href=\"https:\/\/klaava.fi\/kirjanayte\/talvisota-epub-nayte.epub\">Lataa EPUB-muotoinen kirjan\u00e4yte<\/a>.\n\n\n<h2>Osta kirja<\/h2>\n\n\n<b><a href=\"http:\/\/www.amazon.com\/Talvisota-1939-1940-Finnish-Edition-Soile-ebook\/dp\/B00K23C4TU\/\">Amazon.com<\/a><\/b> ja maakohtaiset kaupat.\n<strong><a href=\"https:\/\/itunes.apple.com\/fi\/book\/talvisota-1939-1940\/id640585917?mt=11\">Apple iBookstore<\/a><\/strong> (iPad-tabletille taitettu versio).\n<a href=\"https:\/\/kirja.elisa.fi\/ekirja\/talvisota-1939-1940\"><strong>Elisa Kirja<\/strong><\/a>\n<a href=\"http:\/\/www.ellibs.com\/fi\/book\/978-952-5901-66-5\"><strong>Ellibs<\/strong><\/a>\n<strong><a href=\"https:\/\/play.google.com\/store\/books\/details\/Soile_Varis_Talvisota_1939_1940?id=OEpOAgAAQBAJ\">Google Play Kirjat<\/a><\/strong>\n<a href=\"http:\/\/www.kobobooks.com\/ebook\/Talvisota-1939-1940\/book-HkQwCJFK9EaUOGJAWSH7jw\/page1.html?s=cSnMvfrNPEKHmV0935UEPg&amp;r=1\"><strong>Kobo<\/strong><\/a>\n\n--><\/p>\n<h2>Sis\u00e4llysluettelo<\/h2>\n<p>1. J\u00e4nnite kehittyy<br \/>\n2. Neuvostoliitto l\u00e4hestyy Suomea<br \/>\n3. Toinen maailmansota alkaa<br \/>\n4. Talvisota syttyy<br \/>\n&nbsp;&nbsp;Suurhy\u00f6kk\u00e4ys k\u00e4ynnistyy<br \/>\n&nbsp;&nbsp;Rauhantunnustelut alkavat<br \/>\n5. Talvisota p\u00e4\u00e4ttyy<br \/>\n6. Talvisodan taistelut<br \/>\n&nbsp;&nbsp;Pohjoisrintama, Suomussalmi &#8211; Raate<br \/>\n&nbsp;&nbsp;Taipale,Summa<br \/>\n&nbsp;&nbsp;Tolvaj\u00e4rvi, Kollaa<br \/>\n7. V\u00e4lirauhan aika<br \/>\n8. Suomen ja Neuvostoliiton aseistus ja varustus<br \/>\n9. Kallio, Ryti ja Mannerheim<br \/>\n&nbsp;&nbsp;Ky\u00f6sti Kallio<br \/>\n&nbsp;&nbsp;Risto Ryti<br \/>\n&nbsp;&nbsp;C.G.E. Mannerheim<br \/>\n10. Talvisota Neuvostoliiton n\u00e4k\u00f6kulmasta<br \/>\n&nbsp;&nbsp;Kuusisen hallitus ja armeija<br \/>\n11. Sodan ajan talous<br \/>\n12. Kotirintama<br \/>\n13. Kohti jatkosotaa<br \/>\n14. Liite: Ylip\u00e4\u00e4llik\u00f6n p\u00e4iv\u00e4k\u00e4sky N:o 34<br \/>\n15. L\u00e4hteet ja lis\u00e4lukemisto<\/p>\n","protected":false},"excerpt":{"rendered":"<table border=\"0\">\n<tr>\n<td valign=\"top\">\n<img decoding=\"async\" src=\"https:\/\/klaava.fi\/media\/kannet\/kansi-talvisota-ipad-180.jpg\" alt=\"Lataa ja lue e-kirja: Talvisota 1939-1940\" \/>\n<\/td>\n<td valign=\"top\">\n<h2>Talvisota 1939-1940<\/h2>\n<p>Kirjoittaja: <a href=\"https:\/\/klaava.fi\/node\/1564\">Soile Varis<\/a><br \/>\nKustantaja: Klaava Media<br \/>\nISBN:<br \/>\n978-952-5901-61-0 (Apple iBooks)<br \/>\n978-952-5901-66-5 (EPUB)<br \/>\n978-952-7074-01-5 (Amazon Kindle)<\/p>\n<p><a href=\"http:\/\/www.flickr.com\/photos\/klaavamedia\/8678073484\/\">Suurikokoinen kansikuva l\u00f6ytyy t\u00e4\u00e4lt\u00e4<\/a>.<\/p>\n","protected":false},"author":2,"featured_media":0,"parent":0,"menu_order":0,"comment_status":"closed","ping_status":"closed","template":"","meta":{"footnotes":""},"class_list":["post-1784","page","type-page","status-publish","hentry"],"_links":{"self":[{"href":"https:\/\/klaava.fi\/index.php?rest_route=\/wp\/v2\/pages\/1784","targetHints":{"allow":["GET"]}}],"collection":[{"href":"https:\/\/klaava.fi\/index.php?rest_route=\/wp\/v2\/pages"}],"about":[{"href":"https:\/\/klaava.fi\/index.php?rest_route=\/wp\/v2\/types\/page"}],"author":[{"embeddable":true,"href":"https:\/\/klaava.fi\/index.php?rest_route=\/wp\/v2\/users\/2"}],"replies":[{"embeddable":true,"href":"https:\/\/klaava.fi\/index.php?rest_route=%2Fwp%2Fv2%2Fcomments&post=1784"}],"version-history":[{"count":1,"href":"https:\/\/klaava.fi\/index.php?rest_route=\/wp\/v2\/pages\/1784\/revisions"}],"predecessor-version":[{"id":7971,"href":"https:\/\/klaava.fi\/index.php?rest_route=\/wp\/v2\/pages\/1784\/revisions\/7971"}],"wp:attachment":[{"href":"https:\/\/klaava.fi\/index.php?rest_route=%2Fwp%2Fv2%2Fmedia&parent=1784"}],"curies":[{"name":"wp","href":"https:\/\/api.w.org\/{rel}","templated":true}]}}