{"id":20,"date":"2009-07-26T13:12:41","date_gmt":"2009-07-26T13:12:41","guid":{"rendered":"https:\/\/klaava.fi\/?page_id=20"},"modified":"2025-01-09T16:23:50","modified_gmt":"2025-01-09T14:23:50","slug":"yhteystiedot","status":"publish","type":"page","link":"https:\/\/klaava.fi\/?page_id=20","title":{"rendered":"Yhteystiedot"},"content":{"rendered":"<p>Klaava.fi julkaisee kirja-, laite ja mediauutisia sek\u00e4 esittelee Klaavan e-kirjoja ja niiden kirjoittajia.<\/p>\n<p>S\u00e4hk\u00f6posti: contact@klaava.fi<br \/>\nMastodon: <a href=\"https:\/\/blogi.social\/@klaava\">blogi.social\/@klaava<\/a><\/p>\n<p>Mainostajat ja yhteisty\u00f6kumppanit voivat ottaa yhteytt\u00e4 t\u00e4nne:<br \/>\ncontact@klaava.fi<\/p>\n<p>P\u00e4\u00e4toimittaja Ari Hakkarainen:<br \/>\neditor@klaava.fi<\/p>\n<p>E-kirjojen julkaisua koskevat asiat:<br \/>\nkirja@klaava.fi<\/p>\n<p>Klaava-palveluista vastaa Andalys. Helsingiss\u00e4 rekister\u00f6ity, Y-tunnus 1790887-5.<\/p>\n","protected":false},"excerpt":{"rendered":"<p>Klaava tarjoaa uusia kokemuksia ja kriittisi\u00e4 puheenvuoroja kaikille jotka nauttivat hyv\u00e4st\u00e4 viihteest\u00e4 ja kulttuurista.<\/p>\n<p>Klaavan tekij\u00e4t tavoitat seuraavilla tavoilla.<\/p>\n<p>Palautetta voit antaa <a href=\"\/contact\">t\u00e4ytt\u00e4m\u00e4ll\u00e4 t\u00e4m\u00e4n lomakkeen<\/a>. <\/p>\n<p>S\u00e4hk\u00f6posti: contact@klaava.fi<br \/>\nPuhelin: 09-23165599<br \/>\nTwitter: <a href=\"http:\/\/www.twitter.com\/klaava\">@Klaava<\/a><\/p>\n<p>L\u00e4het\u00e4 uutiset, julkistukset, tapahtumatiedot ja tiedot arvioitavaksi tarkoitetuista teoksista:<br \/>\neditor@klaava.fi<\/p>\n<p>Mainostajat ja yhteisty\u00f6kumppanit voivat ottaa yhteytt\u00e4 t\u00e4nne:<br \/>\nmarkkinointi@klaava.fi<\/p>\n","protected":false},"author":2,"featured_media":0,"parent":0,"menu_order":0,"comment_status":"closed","ping_status":"closed","template":"","meta":{"footnotes":""},"class_list":["post-20","page","type-page","status-publish","hentry"],"_links":{"self":[{"href":"https:\/\/klaava.fi\/index.php?rest_route=\/wp\/v2\/pages\/20","targetHints":{"allow":["GET"]}}],"collection":[{"href":"https:\/\/klaava.fi\/index.php?rest_route=\/wp\/v2\/pages"}],"about":[{"href":"https:\/\/klaava.fi\/index.php?rest_route=\/wp\/v2\/types\/page"}],"author":[{"embeddable":true,"href":"https:\/\/klaava.fi\/index.php?rest_route=\/wp\/v2\/users\/2"}],"replies":[{"embeddable":true,"href":"https:\/\/klaava.fi\/index.php?rest_route=%2Fwp%2Fv2%2Fcomments&post=20"}],"version-history":[{"count":2,"href":"https:\/\/klaava.fi\/index.php?rest_route=\/wp\/v2\/pages\/20\/revisions"}],"predecessor-version":[{"id":8051,"href":"https:\/\/klaava.fi\/index.php?rest_route=\/wp\/v2\/pages\/20\/revisions\/8051"}],"wp:attachment":[{"href":"https:\/\/klaava.fi\/index.php?rest_route=%2Fwp%2Fv2%2Fmedia&parent=20"}],"curies":[{"name":"wp","href":"https:\/\/api.w.org\/{rel}","templated":true}]}}