{"id":2003,"date":"2014-01-18T11:59:37","date_gmt":"2014-01-18T11:59:37","guid":{"rendered":"https:\/\/klaava.fi\/?page_id=2003"},"modified":"2024-10-31T17:37:27","modified_gmt":"2024-10-31T15:37:27","slug":"action-stuntkohtausten-suunnittelu-ja-kuvaus","status":"publish","type":"page","link":"https:\/\/klaava.fi\/?page_id=2003","title":{"rendered":"Action! Stuntkohtausten suunnittelu ja kuvaus"},"content":{"rendered":"<h2>Action! Stuntkohtausten suunnittelu ja kuvaus<\/h2>\n<p><img decoding=\"async\" class=\"alignleft\" src=\"https:\/\/klaava.fi\/media\/kannet\/kansi-action-180.jpg\" alt=\"Lataa ja lue e-kirja: Action! Stuntkohtausten suunnittelu ja kuvaus\" width=\"180\" \/><\/p>\n<p><strong>EI SAATAVILLA<\/strong><\/p>\n<p>Kirjoittaja: H-P Virkki<br \/>\nJulkaistu: Helmikuu 2014<br \/>\nKustantaja: Klaava<br \/>\nISBN:<br \/>\n978-952-5901-80-1 (Apple iBooks)<br \/>\n978-952-7074-14-5 (Amazon Kindle)<br \/>\n978-952-7074-15-2 (EPUB)<\/p>\n<p>Kirja esittelee elokuva-alan ammattilaisen silmin toimintakohtausten kuvausten valmistelun, harjoittelun, tekniset apuv\u00e4lineet ja kuvaukset tavalla, josta saavat vinkkej\u00e4 niin YouTube-videoiden kuin muidenkin filmien tekij\u00e4t. Vauhdikkaiden ja todentuntuisten kohtausten toteutukseen ei v\u00e4ltt\u00e4m\u00e4tt\u00e4 tarvita monipuolista kuvauskalustoa, vaan hyvi\u00e4 ideoita, liikunnallista taitoa ja kuvasilm\u00e4\u00e4.<\/p>\n<p>Vauhdikasta toimintaa on elokuvien lis\u00e4ksi mainoksissa, tv-sarjoissa, musiikkivideoissa ja sosiaalisen median videoilla, joilla eri lajien harrastajat, kuten skeittaajat, parkourin taitajat, capoeiran osaajat ja BMX-py\u00f6r\u00e4ilij\u00e4t esittelev\u00e4t taitojaan. My\u00f6s toimintakohtauksia on erilaisia l\u00e4htien miekkataisteluista, kaatumisista, t\u00f6rm\u00e4yksist\u00e4 ja tappeluista aina r\u00e4j\u00e4hdyksiin ja tietokoneilla tehostettuihin kohtauksiin asti. Kirjassa esitell\u00e4\u00e4n useasta erilaisesta toimintajaksosta koostuvan kuvausprojektin toteutus sek\u00e4 kameran takana ett\u00e4 sen edess\u00e4 olevien henkil\u00f6iden kannalta.<\/p>\n<p>Stuntammattilaisen uraa suunnittelevalle kirjassa on k\u00e4yt\u00e4nn\u00f6n vinkkej\u00e4 mit\u00e4 alalle p\u00e4\u00e4seminen vaatii ja miten alalla toimitaan. Teos on my\u00f6s kaikille elokuvien yst\u00e4ville mielenkiintoinen silm\u00e4ys kulissien taakse siihen, miten toimintakohtauksia tehd\u00e4\u00e4n.<\/p>\n<p>Runsas kuva-aineisto, videojaksot ja k\u00e4yt\u00e4nn\u00f6n esimerkit niin kamerakartoista kuin kuvak\u00e4sikirjoituksistakin tekev\u00e4t kirjasta helposti l\u00e4hestytt\u00e4v\u00e4n kaikille vauhdikkaiden jaksojen kuvaajille ja esiintyjille.<\/p>\n<p>Kirjan kirjoittaja stuntn\u00e4yttelij\u00e4 H-P Virkki on esiintynyt useissa kotimaisissa ja ulkomaisissa elokuvissa ja kouluttanut lukuisia n\u00e4yttelij\u00f6it\u00e4, urheilijoita ja tanssiopiskelijoita esimerkiksi Teatterikorkeakoulussa ja Kansallisoopperassa.<\/p>\n<p><!--\n\n\n<h2>Osta kirja<\/h2>\n\n\n\n\n<table border=\"0\">\n\n\n<tbody>\n\n\n<tr>\n\n\n<td width=\"225\"><b>Applen laitteille<\/b><\/td>\n\n\n\n\n<td width=\"225\"><b>Muille laitteille<\/b><\/td>\n\n\n<\/tr>\n\n\n\n\n<tr>\n\n\n<td>Kirja on saatavilla Applen laitteille, joissa on iBooks-lukusovellus. Kirjan voi ladata:\n<strong><a href=\"https:\/\/itunes.apple.com\/fi\/book\/action!-stuntkohtausten-suunnittelu\/id814989379?mt=11\">Apple iTunes Store<\/a><\/strong> -kaupasta tietokoneelle.\n<strong><a href=\"https:\/\/itunes.apple.com\/fi\/book\/action!-stuntkohtausten-suunnittelu\/id814989379?mt=11\">Apple iBookstore<\/a><\/strong> -kaupasta suoraan iPadiin.\n\nKoska teoksessa on runsas kuvitus ja videomateriaalia, se vaatii hieman yli 500 MB tallennustilaa. Nopein tapa saada kirja iPadiin on ladata se ensin iTunes-sovelluksella tietokoneelle, josta kirjan voi siirt\u00e4\u00e4 kaapelilla iPadiin.<\/td>\n\n\n\n\n<td><b><a href=\"http:\/\/www.amazon.com\/Action-Stuntkohtausten-suunnittelu-kuvaus-Finnish-ebook\/dp\/B00OQ92EPK\/\">Amazon.com<\/a><\/b> ja muut Amazon-kaupat\n<b><a href=\"https:\/\/kirja.elisa.fi\/ekirja\/action-stuntkohtausten-suunnittelu-ja-kuvaus\">Elisa Kirja<\/a><\/b>\n<b><a href=\"http:\/\/www.ellibs.com\/fi\/book\/978-952-7074-15-2\/action-stuntkohtausten-suunnittelu-ja-kuvaus\">Ellibs<\/a><\/b>\n<b><a href=\"https:\/\/play.google.com\/store\/books\/details\/H_P_Virkki_Action?id=mEQZBQAAQBAJ\">Google Play<\/a><\/b>\n<b><a href=\"http:\/\/store.kobobooks.com\/en-US\/ebook\/action-17\">Kobo<\/a><\/b>\n\nEPUB- ja Kindle-muotoisen kirjan kaikkien ominaisuuksien hy\u00f6dynt\u00e4minen vaatii verkkoyhteyden ja laitteen, joilla voi katsoa videota. Tekstiosuudet voi kirjan lataamisen j\u00e4lkeen lukea ilman verkkoyhteytt\u00e4.<\/td>\n\n\n<\/tr>\n\n\n<\/tbody>\n\n\n<\/table>\n\n\n--><\/p>\n<h2>Kirjavideo<\/h2>\n<p>Katso kirjan traileri t\u00e4st\u00e4:<br \/>\n<iframe loading=\"lazy\" src=\"\/\/www.youtube.com\/embed\/dgkHVc8tnfA?list=UUKaA39ZyV-isS9GjKI4nJ4Q\" width=\"560\" height=\"315\" frameborder=\"0\" allowfullscreen=\"allowfullscreen\"><\/iframe><\/p>\n<p><a href=\"https:\/\/klaava.fi\/Kirjat\/H_P_Virkki_kirjan_perusajatus_ei_saa_unohtua_e_kirjan_uusien_mahdollisuuksien_vuoksi\">Lue H-P Virkin haastattelu t\u00e4\u00e4lt\u00e4<\/a>.<\/p>\n<p><a href=\"http:\/\/wms.magneetto.com\/ekirja\/2014_0423_ekirjamessut\/view\">Kirjailijan haastattelu e-kirjamessuilla (video)<br \/>\n<img decoding=\"async\" src=\"https:\/\/klaava.fi\/media\/2014-kuvat\/hpvirkki-vshot.jpg\" \/><\/a><\/p>\n<h2>Mielipiteit\u00e4 ja arvioita<\/h2>\n<p><a href=\"http:\/\/www.motouutiset.fi\/fi\/moottoripyorat\/uutiset\/614\">Motouutiset<\/a><\/p>\n<h2>Sis\u00e4llysluettelo<\/h2>\n<p>Johdanto: Stuntit ja heid\u00e4n osansa elokuvissa<\/p>\n<p>1. Toimintakohtauksia kaatumisista r\u00e4j\u00e4hdyksiin<br \/>\n1.1 Yleisi\u00e4 toimintakohtauksia<br \/>\n1.2 Erikoisv\u00e4lineit\u00e4 vaativat kohtaukset<br \/>\n1.3 Ajoneuvokohtaukset<\/p>\n<p>2. Stuntin oleelliset taidot<br \/>\n2.4 Vartalon hallinta<br \/>\n2.5 Tappelukohtaukset<br \/>\n2.6 Mielikuvaharjoittelu<\/p>\n<p>3. Ideasta toimintakohtaukseen<br \/>\n3.7 Toimintakohtauksen kuvaamisen avaimet<br \/>\n3.8 1. kohtaus: Kameratietoisuus<br \/>\n3.9 Miekkailukohtauksen valmistelu<br \/>\n3.10 2. kohtaus: Yhteisty\u00f6, rytmitys ja tyyli<br \/>\n3.11 Kuvaustekniikkaa ja k\u00e4sitteit\u00e4<br \/>\n3.12 3. kohtaus: Ajoitus<br \/>\n3.13 Hiki otsalla kuvauspaikalla<br \/>\n3.14 4. kohtaus: Valmis toimintajakso<\/p>\n<p>4. Stuntmaailman t\u00e4hti\u00e4<\/p>\n<p>5. J\u00e4lkipuhe<\/p>\n<p>Ty\u00f6ryhm\u00e4<br \/>\nTekij\u00f6iden kotisivuja<br \/>\nKiitokset<br \/>\nL\u00e4hdeluettelo<br \/>\nVaikutteita ja inspiraation l\u00e4hteit\u00e4<br \/>\nH-P Virkki<\/p>\n<h2>Kirjan ty\u00f6ryhm\u00e4<\/h2>\n<p>Stuntn\u00e4yttelij\u00e4t<br \/>\nTung Bui<br \/>\nKarlyn-Kevyn Kollom<br \/>\nJouni Kivim\u00e4ki<br \/>\nEsa Muittari<br \/>\nVille Seivo<br \/>\nMari Wiklund ja Juuso Kenkkil\u00e4<br \/>\nVierum\u00e4en leiritulet: stunt-kurssilaiset<br \/>\nKanute-taistelukurssilaiset, p\u00e4\u00e4osissa Viljami Hotanen ja Jussi J\u00e4tinvuori<\/p>\n<p>Kuvaajan ja ohjaajan rooleissa<br \/>\nPekka Uotila<br \/>\nH-P Virkki<br \/>\nP\u00e4\u00e4kuvaajat<br \/>\nPekka Uotila<br \/>\nMikko Suominen<br \/>\nKierteit\u00e4 ja py\u00f6rteit\u00e4 \u2013videon kuvaajat<br \/>\nJuha Lankinen<br \/>\nPekka Sipil\u00e4<br \/>\nKanute-videon kuvaajat<br \/>\nJanne Holopainen<br \/>\nEemi Lehto<\/p>\n<p>Leikkaus<br \/>\nPekka Sipil\u00e4<br \/>\nH-P Virkki<\/p>\n<p>Musiikki<br \/>\nOlli Halonen<br \/>\nRudirok<\/p>\n<p>Valokuvat<br \/>\nEsko Tuovinen<br \/>\nH-P Virkki<\/p>\n<p>Kuvank\u00e4sittely ja tehosteet<br \/>\nPekka Sipil\u00e4<\/p>\n<p>Sarjakuva<br \/>\nLeena J\u00e4\u00e4skel\u00e4inen<\/p>\n<p>Graafikko<br \/>\nJoona Kallio (Tung Buin promokuvat)<\/p>\n<p>Miekkailunuotit<br \/>\nH-P Virkki<br \/>\nTung Bui<\/p>\n<p>Kuvak\u00e4sikirjoitukset, kamerakartta ja call sheet<br \/>\nPekka Sipil\u00e4<br \/>\nH-P Virkki<\/p>\n<p>Kirjan tuottaja<br \/>\nAri Hakkarainen<\/p>\n<p>K\u00e4sikirjoitus, suunnittelu, ohjaus ja tuotannolliset j\u00e4rjestelyt<br \/>\nH-P Virkki<\/p>\n<p><iframe loading=\"lazy\" id=\"stage32-profile-button\" style=\"width: 250px; height: 32px;\" title=\"Stage 32 Profile\nButton\" src=\"https:\/\/www.stage32.com\/b\/32.php?uid=381515\" width=\"250\" height=\"32\" frameborder=\"0\" scrolling=\"no\" align=\"center\"><\/iframe><\/p>\n","protected":false},"excerpt":{"rendered":"<table border=\"0\">\n<tr>\n<td >\n<img decoding=\"async\" src=\"https:\/\/klaava.fi\/media\/kannet\/kansi-action-180.jpg\" alt=\"Lataa ja lue e-kirja: Action! Stuntkohtausten suunnittelu ja kuvaus\" width=\"180\" \/>\n<\/td>\n<td valign=\"top\">\n<h2>Action! Stuntkohtausten suunnittelu ja kuvaus<\/h2>\n<p>Kirjoittaja: <a href=\"https:\/\/klaava.fi\/node\/2002\">H-P Virkki<\/a><br \/>\nJulkaistu: Helmikuu 2014<br \/>\nKustantaja: Klaava Media<br \/>\nISBN:<br \/>\n978-952-5901-80-1 (Apple iBooks)<br \/>\n978-952-7074-14-5 (Amazon Kindle)<br \/>\n978-952-7074-15-2 (EPUB)<\/p>\n","protected":false},"author":2,"featured_media":0,"parent":0,"menu_order":0,"comment_status":"closed","ping_status":"closed","template":"","meta":{"footnotes":""},"class_list":["post-2003","page","type-page","status-publish","hentry"],"_links":{"self":[{"href":"https:\/\/klaava.fi\/index.php?rest_route=\/wp\/v2\/pages\/2003","targetHints":{"allow":["GET"]}}],"collection":[{"href":"https:\/\/klaava.fi\/index.php?rest_route=\/wp\/v2\/pages"}],"about":[{"href":"https:\/\/klaava.fi\/index.php?rest_route=\/wp\/v2\/types\/page"}],"author":[{"embeddable":true,"href":"https:\/\/klaava.fi\/index.php?rest_route=\/wp\/v2\/users\/2"}],"replies":[{"embeddable":true,"href":"https:\/\/klaava.fi\/index.php?rest_route=%2Fwp%2Fv2%2Fcomments&post=2003"}],"version-history":[{"count":1,"href":"https:\/\/klaava.fi\/index.php?rest_route=\/wp\/v2\/pages\/2003\/revisions"}],"predecessor-version":[{"id":7864,"href":"https:\/\/klaava.fi\/index.php?rest_route=\/wp\/v2\/pages\/2003\/revisions\/7864"}],"wp:attachment":[{"href":"https:\/\/klaava.fi\/index.php?rest_route=%2Fwp%2Fv2%2Fmedia&parent=2003"}],"curies":[{"name":"wp","href":"https:\/\/api.w.org\/{rel}","templated":true}]}}