{"id":2185,"date":"2014-11-06T11:20:35","date_gmt":"2014-11-06T11:20:35","guid":{"rendered":"https:\/\/klaava.fi\/?page_id=2185"},"modified":"2024-11-06T12:04:55","modified_gmt":"2024-11-06T10:04:55","slug":"pophistoria-kuinka-musiikki-muutti-maailman-janne-makela","status":"publish","type":"page","link":"https:\/\/klaava.fi\/?page_id=2185","title":{"rendered":"Pophistoria &#8211; Kuinka musiikki muutti maailman, Janne M\u00e4kel\u00e4"},"content":{"rendered":"<h2>Pophistoria &#8211; Kuinka musiikki muutti maailman<\/h2>\n<p><img decoding=\"async\" class=\"alignleft\" src=\"https:\/\/klaava.fi\/media\/kannet\/kansi-pophistoria-180.png\" alt=\"Lataa ja lue e-kirja: Pophistoria - Kuinka musiikki muutti maailman\" width=\"180\" \/><\/p>\n<p>Kirjoittaja: Janne M\u00e4kel\u00e4<br \/>\nJulkaistu: Marraskuu 2014<br \/>\nKustantaja: Klaava<br \/>\nISBN:<br \/>\n978-952-7074-19-0 (EPUB)<br \/>\n978-952-7074-20-6 (Apple EPUB)<br \/>\n978-952-7074-21-3 (Amazon Kindle)<\/p>\n<p><em>Kirja on nyt <a href=\"https:\/\/www.musiikkiarkisto.fi\/oa\/\">saatavilla Musiikkiarkiston Open Access<\/a> -sivulla, josta sen voi ladata ja lukea ilmaiseksi.<\/em><\/p>\n<p>Valloittiko Beatles Amerikan vai Amerikka Beatlesin? Oliko eurodance 1900-luvun radikaaleinta musiikkia? Onko heavy suomalaista kansanmusiikkia?<\/p>\n<p>Laulut eiv\u00e4t vanhan sanonnan mukaan tunne rajoja: kaikki musiikki voi olla kansainv\u00e4list\u00e4. Digitaalisen kulttuurin maailmassa t\u00e4m\u00e4 on tuntunut entist\u00e4 todemmalta. \u00c4\u00e4nien virtaaminen ei kuitenkaan ole t\u00e4ysin vapaata vaan monin tavoin ohjailtua. Jotkut \u00e4\u00e4net ovat kansainv\u00e4lisempi\u00e4 kuin jotkut toiset \u00e4\u00e4net.<\/p>\n<p><i>Pophistoria<\/i> kertoo miten maailma muutti musiikkia ja musiikki maailmaa. Tarkastelun kohteina ovat muun muassa musiikkiteollisuuden muotoutuminen 1900-luvulla, rockin kansallistuminen, Abba-viha, Eurovision laulukilpailu ja musiikkit\u00e4htien kulttuuritausta. Maantieteellinen painopiste on Euroopassa, Pohjoismaissa ja Suomessa.<\/p>\n<p>T\u00e4m\u00e4 e-kirja on p\u00e4\u00e4osin saman sis\u00e4lt\u00f6inen kuin vuonna 2011 ilmestynyt teos <i>Kansainv\u00e4lisen populaarimusiikin historiaa<\/i>. Uuteen versioon on tehty korjauksia ja kirjan tietoja on p\u00e4ivitetty.<\/p>\n<p>Kirjoittaja <i>Janne M\u00e4kel\u00e4<\/i> on populaarikulttuurin historian tutkija. H\u00e4n on toiminut muun muassa Suomen Jazz &amp; Pop Arkiston johtajana.<\/p>\n<h2>Sis\u00e4llysluettelo<\/h2>\n<p>Musiikit ilman rajoja?<br \/>\nRockia oppimassa<br \/>\nUusi musiikkitalous<br \/>\nSuomalainen voittaa aina<br \/>\nOnko olemassa populaarimusiikkia?<br \/>\nYritys populaarimusiikin m\u00e4\u00e4ritelm\u00e4ksi<br \/>\nKansallinen musiikki keksit\u00e4\u00e4n<br \/>\nFinlandiasta tangoon<br \/>\nKansainv\u00e4lisyys on kanssak\u00e4ymist\u00e4<br \/>\nMusiikkij\u00e4rjestys ajassa ja paikassa<br \/>\nKansainv\u00e4lisen musiikkij\u00e4rjestyksen muotoutuminen<br \/>\nMusiikkiteollisuus ennen \u00e4\u00e4nilevy\u00e4<br \/>\nPauhaava valmistuote<br \/>\nKuinka maailma jaettiin<br \/>\nIsoista tulee isompia<br \/>\n360 astetta ennen vanhaan<br \/>\nRadio tekee l\u00e4pimurron<br \/>\nRadion linkit ja paineet<br \/>\nMusiikkij\u00e4rjestyksen vartijat<br \/>\nAmerikan pelko<br \/>\n1900-luvun kulttuurinen vallankumous<br \/>\nAmerikanisaation tausta ja nousu<br \/>\nV\u00e4\u00e4r\u00e4 kulttuuri tuli kyl\u00e4\u00e4n<br \/>\nMassakulttuurikritiikki: korkeakulttuurinen<br \/>\nMassakulttuurikritiikki: taloudellis-ideologinen<br \/>\n1960-luvun britti-invaasio ja sen lapset<br \/>\nMaailman suurin popkertomus<br \/>\nBritti-invaasio p\u00e4hkin\u00e4nkuoressa<br \/>\nPopmusiikki \u2013 kansallinen voimavara<br \/>\nKunnianhimoa ja kaupallisuutta<br \/>\nAnglopopin vaiheet Euroopassa<br \/>\nBritti-invaasio Suomessa<br \/>\nHuomion \u00e4\u00e4ni<br \/>\nMonta \u00e4\u00e4nt\u00e4, yksi maanosa<br \/>\nLajien synty ja paikka<br \/>\nEurooppaa ei ole<br \/>\nAngloeurooppalainen populaarimusiikki<br \/>\nVirallista rakentamista: kulttuuripolitiikka<br \/>\nKaupallista rakentamista: Radio Luxembourg<br \/>\nKaupallista rakentamista: MTV Europe<br \/>\n1960-luvun vaihteen euroiskelm\u00e4<br \/>\n1970-luvun progressiivinen rock<br \/>\nRaskas Eurooppa<br \/>\nEurooppa tanssii ja soi<br \/>\n1900-luvun kumouksellisinta musiikkia<br \/>\nEurovision laulukilpailun Eurooppa<br \/>\nKriiseist\u00e4 voittoon<br \/>\nEuroviisut instituutiona ja yhteis\u00f6n\u00e4<br \/>\nEuroviisujen yleis\u00f6 ja draama<br \/>\nKansat ja kulttuurit kilpasilla<br \/>\nIt\u00e4 vastaan L\u00e4nsi<br \/>\nId\u00e4n ihmesoundi<br \/>\nAmerikan Abba<br \/>\nAbba p\u00e4hkin\u00e4nkuoressa<br \/>\nAmerikanisaation paluu<br \/>\nAbba-vihan ytimess\u00e4<br \/>\nHeikko laatu<br \/>\nYlikansallista poppia<br \/>\nAbban ja Ruotsin rahaongelma<br \/>\nKulttuuri-imperialismin kriitikon kuolema<br \/>\nAbba el\u00e4myspuheessa<br \/>\nPauhaava Pohjola<br \/>\nPohjoismainen identiteetti<br \/>\nAnglomusiikki skandien mailla<br \/>\nJ\u00e4rjest\u00f6jen maat<br \/>\nJulkinen tuki<br \/>\nMediaperhe on pahin<br \/>\nJazzista toimintarockiin<br \/>\nRaskaan Pohjolan aarrearkku<br \/>\nMaailmanmusiikin paikka<br \/>\nEksoottisen soinnin historiaa<br \/>\nHyv\u00e4 paha maailmanmusiikki<br \/>\nTakapihan rytmit<br \/>\nKaikki musiikki on maailmanmusiikkia<br \/>\nSuomen \u00e4\u00e4ni maailmalla<br \/>\nBritannian antautuminen<br \/>\nPuhetta globalisaatiosta<br \/>\nSuomi soitettiin uusiksi<br \/>\nTuonti nousuun!<br \/>\nRadio Lunan musiikkitarjonnasta<br \/>\nL\u00e4hteet<br \/>\nKirjassa mainitut artistit ja teokset<\/p>\n","protected":false},"excerpt":{"rendered":"<table border=\"0\">\n<tr>\n<td >\n<img decoding=\"async\" src=\"https:\/\/klaava.fi\/media\/kannet\/kansi-pophistoria-180.png\" alt=\"Lataa ja lue e-kirja: Pophistoria - Kuinka musiikki muutti maailman\" width=\"180\" \/>\n<\/td>\n<td valign=\"top\">\n<h2>Pophistoria &#8211; Kuinka musiikki muutti maailman<\/h2>\n<p>Kirjoittaja: <a href=\"https:\/\/klaava.fi\/node\/2186\">Janne M\u00e4kel\u00e4<\/a><br \/>\nJulkaistu: Marraskuu 2014<br \/>\nKustantaja: Klaava Media<br \/>\nISBN:<br \/>\n978-952-7074-19-0 (EPUB)<br \/>\n978-952-7074-20-6 (Apple EPUB)<br \/>\n978-952-7074-21-3 (Amazon Kindle)<\/p>\n<p><a href=\"https:\/\/flic.kr\/p\/q8SxWY\">Suurikokoinen kansikuva t\u00e4st\u00e4<\/a>.<\/p>\n<\/td>\n<\/tr>\n","protected":false},"author":2,"featured_media":0,"parent":0,"menu_order":0,"comment_status":"closed","ping_status":"closed","template":"","meta":{"footnotes":""},"class_list":["post-2185","page","type-page","status-publish","hentry"],"_links":{"self":[{"href":"https:\/\/klaava.fi\/index.php?rest_route=\/wp\/v2\/pages\/2185","targetHints":{"allow":["GET"]}}],"collection":[{"href":"https:\/\/klaava.fi\/index.php?rest_route=\/wp\/v2\/pages"}],"about":[{"href":"https:\/\/klaava.fi\/index.php?rest_route=\/wp\/v2\/types\/page"}],"author":[{"embeddable":true,"href":"https:\/\/klaava.fi\/index.php?rest_route=\/wp\/v2\/users\/2"}],"replies":[{"embeddable":true,"href":"https:\/\/klaava.fi\/index.php?rest_route=%2Fwp%2Fv2%2Fcomments&post=2185"}],"version-history":[{"count":1,"href":"https:\/\/klaava.fi\/index.php?rest_route=\/wp\/v2\/pages\/2185\/revisions"}],"predecessor-version":[{"id":7954,"href":"https:\/\/klaava.fi\/index.php?rest_route=\/wp\/v2\/pages\/2185\/revisions\/7954"}],"wp:attachment":[{"href":"https:\/\/klaava.fi\/index.php?rest_route=%2Fwp%2Fv2%2Fmedia&parent=2185"}],"curies":[{"name":"wp","href":"https:\/\/api.w.org\/{rel}","templated":true}]}}