{"id":24,"date":"2009-07-26T14:10:02","date_gmt":"2009-07-26T14:10:02","guid":{"rendered":"https:\/\/klaava.fi\/?page_id=24"},"modified":"2024-11-06T12:08:55","modified_gmt":"2024-11-06T10:08:55","slug":"rekisteriseloste","status":"publish","type":"page","link":"https:\/\/klaava.fi\/?page_id=24","title":{"rendered":"Tietosuojaseloste"},"content":{"rendered":"<p>T\u00e4ll\u00e4 sivulla kuvataa Klaava.fi-verkkojulkaisun tietosuojak\u00e4yt\u00e4nn\u00f6t.<\/p>\n<h3 class=\"wp-block-heading\">Sivustolla k\u00e4vij\u00f6ist\u00e4 ker\u00e4tt\u00e4v\u00e4 tieto<\/h3>\n<p>Sivustolla k\u00e4yvist\u00e4 henkil\u00f6ist\u00e4 voidaan ker\u00e4t\u00e4 seuraavia tietoja:<\/p>\n<ul>\n<li>K\u00e4vij\u00e4n laitteen verkko-osoite (IP osoite). Verkko-osoitetta k\u00e4ytet\u00e4\u00e4n ainoastaan tilastointiin.<\/li>\n<li>Nimi ja s\u00e4hk\u00f6postiosoite, mutta vain siin\u00e4 tapauksessa, ett\u00e4 k\u00e4vij\u00e4 tilaa sivuston uutiskirjeen.<\/li>\n<li>K\u00e4ytt\u00e4j\u00e4n laitteeseen talletetaan sivustolla k\u00e4ynnist\u00e4 ev\u00e4ste (cookie). K\u00e4vij\u00e4 voi itse valita k\u00e4ynnill\u00e4\u00e4n mit\u00e4 ev\u00e4steit\u00e4 h\u00e4n sallii talletettavan.<\/li>\n<\/ul>\n<p>Tietojen keruun tarkoituksena on tilastoida k\u00e4vij\u00e4m\u00e4\u00e4ri\u00e4, palvella k\u00e4vij\u00f6it\u00e4 uutiskirjeell\u00e4, ja pit\u00e4\u00e4 tallessa tieto k\u00e4ytt\u00e4j\u00e4n hyv\u00e4ksymist\u00e4 ev\u00e4steist\u00e4.<\/p>\n<h3 class=\"wp-block-heading\">Tietojen suojaus ja s\u00e4ilytysaika<\/h3>\n<p>K\u00e4vij\u00f6iden verkko-osoitteet ja s\u00e4hk\u00f6postiosoitteet ovat talletettuja j\u00e4rjestelm\u00e4n tietokantoihin, jotka ovat suojattuja ja varmuuskopioituja.<br \/>\nK\u00e4ytt\u00e4j\u00e4n nimi ja s\u00e4hk\u00f6postiosoite poistetaan j\u00e4rjestelm\u00e4st\u00e4 h\u00e4nen lopettaessa uutiskirjeen tilauksen.<\/p>\n<h3 class=\"wp-block-heading\">Tietojen luovutus ulkopuolisille tahoille<\/h3>\n<p>Tietoja ei luovuteta ulkopuolisille, paitsi viranomaisten m\u00e4\u00e4r\u00e4yksest\u00e4.<\/p>\n<h3 class=\"wp-block-heading\">Tietoa ev\u00e4steist\u00e4 (cookies)<\/h3>\n<p>T\u00e4ll\u00e4 verkkosivustolla k\u00e4ytet\u00e4\u00e4n ev\u00e4steit\u00e4, joiden avulla laaditaan tilastoja sivujen k\u00e4yt\u00f6st\u00e4 ja pidet\u00e4\u00e4n huolta sivujen toimivuudesta.<\/p>\n<p>K\u00e4ytt\u00e4j\u00e4 voi vaikuttaa ev\u00e4steiden tallentamiseen muuttamalla verkkoselaimen asetuksia ja valitsemalla mit\u00e4 ev\u00e4steit\u00e4 h\u00e4n sallii k\u00e4ydess\u00e4\u00e4n sivustolla.<\/p>\n<p>Yhteystiedot:<br \/>\nAndalys<br \/>\nY-tunnus 1790887-5<br \/>\nS\u00e4hk\u00f6posti contact@klaava.fi<\/p>\n<p>Lis\u00e4tietoa palveluun talletetuista henkil\u00f6tiedoista, niiden p\u00e4ivitt\u00e4misest\u00e4 ja t\u00e4st\u00e4 rekisteriselosteesta voi pyyt\u00e4\u00e4 s\u00e4hk\u00f6postilla contact@klaava.fi.<\/p>\n<p>Klaava.fi-palvelun tietosuojaseloste julkaistu 27.7.2009 ja p\u00e4ivitetty 29.5.2015, 25.4.2018, 16.6.2019, 20.1.2024.<\/p>\n","protected":false},"excerpt":{"rendered":"<p>1. Rekisterinpit\u00e4j\u00e4<\/p>\n<p>Andalys Oy<br \/>\nVehmaksentie 5 D<br \/>\n11910 Riihim\u00e4ki<\/p>\n<p>puh. 09-23165599<\/p>\n<p>2. Rekisteriasioista vastaava:<\/p>\n<p>Andalys Oy \/ Yll\u00e4pito<br \/>\nVehmaksentie 5 D<br \/>\n11910 Riihim\u00e4ki<br \/>\npuh. 09-23165599<\/p>\n<p>3. Rekisterin nimi<\/p>\n<p>Klaava.fi-palvelun k\u00e4ytt\u00e4j\u00e4rekisteri.<\/p>\n<p>4. Tietojen k\u00e4ytt\u00f6tarkoitus<\/p>\n","protected":false},"author":2,"featured_media":0,"parent":0,"menu_order":0,"comment_status":"closed","ping_status":"closed","template":"","meta":{"footnotes":""},"class_list":["post-24","page","type-page","status-publish","hentry"],"_links":{"self":[{"href":"https:\/\/klaava.fi\/index.php?rest_route=\/wp\/v2\/pages\/24","targetHints":{"allow":["GET"]}}],"collection":[{"href":"https:\/\/klaava.fi\/index.php?rest_route=\/wp\/v2\/pages"}],"about":[{"href":"https:\/\/klaava.fi\/index.php?rest_route=\/wp\/v2\/types\/page"}],"author":[{"embeddable":true,"href":"https:\/\/klaava.fi\/index.php?rest_route=\/wp\/v2\/users\/2"}],"replies":[{"embeddable":true,"href":"https:\/\/klaava.fi\/index.php?rest_route=%2Fwp%2Fv2%2Fcomments&post=24"}],"version-history":[{"count":1,"href":"https:\/\/klaava.fi\/index.php?rest_route=\/wp\/v2\/pages\/24\/revisions"}],"predecessor-version":[{"id":7981,"href":"https:\/\/klaava.fi\/index.php?rest_route=\/wp\/v2\/pages\/24\/revisions\/7981"}],"wp:attachment":[{"href":"https:\/\/klaava.fi\/index.php?rest_route=%2Fwp%2Fv2%2Fmedia&parent=24"}],"curies":[{"name":"wp","href":"https:\/\/api.w.org\/{rel}","templated":true}]}}