{"id":2522,"date":"2015-07-15T14:24:46","date_gmt":"2015-07-15T11:24:46","guid":{"rendered":"http:\/\/klaava.fi\/?page_id=2522"},"modified":"2024-11-06T12:04:47","modified_gmt":"2024-11-06T10:04:47","slug":"pohjolan-hehku","status":"publish","type":"page","link":"https:\/\/klaava.fi\/?page_id=2522","title":{"rendered":"Pohjolan hehku"},"content":{"rendered":"<h2>Pohjolan hehku &#8211; N\u00e4in syntyiv\u00e4t Pohjolan vuodenajat ja taika<\/h2>\n<p><img decoding=\"async\" class=\"alignleft\" src=\"https:\/\/klaava.fi\/media\/kannet\/kansi-pohjolanhehku-180.png\" alt=\"Lataa ja lue e-kirja: Pohjolan hehku\" width=\"180\"><\/p>\n<p><strong>EI SAATAVILLA<\/strong><\/p>\n<p>Tekij\u00e4t: Inka Tolonen ja P\u00e4ivi Ruuska<br \/>\nJulkaistu: Elokuu 2015<br \/>\nKustantaja: Klaava Media<br \/>\nISBN:<br \/>\n978-952-7074-41-1 (PDF)<br \/>\n978-952-7074-42-8 (Amazon Kindle)<\/p>\n<p>Pohjolan hehku on usean eri alan taiteilijan luoma teos pohjoisen vuodenaikojen mystisest\u00e4 taiasta.<\/p>\n<p>Kauniin taidekirjan kuvallinen ja sanallinen tarina kertoo miten Hiutaleiden henki, Kaamoksen tyt\u00e4r, Valon lapset, Syysneito, Punasiipi, Hopeaperhonen ja Pakkasprinsessa kukin vuorollaan ottavat haltuunsa pohjoisen herk\u00e4n luonnon kunnes vuodenajoissa piilev\u00e4 ikuinen rytmi ja taika ovat syntyneet.<\/p>\n<p>Kirjan tekemiseen ovat osallistuneet kirjailija Inka Tolosen ja puku- ja tekstiilitaiteilija P\u00e4ivi Ruuskan lis\u00e4ksi maskeeraaja ja vuoden 2014 body paintingin maailmanmestari Riina Laine sek\u00e4 American Ballet Theatressa esiintyv\u00e4 Elina Miettinen ja monia muita oman alansa huippuosaajia.<\/p>\n<p><!--\n\n\n<h2>Osta kirja<\/h2>\n\n\n<b><a href=\"http:\/\/www.adlibris.com\/fi\/e-kirja\/pohjolan-hehku---nain-syntyivat-pohjolan-vuodenajat-ja-taika-9789527074411\">Adlibris<\/a><\/b>\n<b><a href=\"http:\/\/www.amazon.com\/Pohjolan-hehku-syntyiv\u00e4t-vuodenajat-Finnish-ebook\/dp\/B012T5T8RE\/\">Amazon.com<\/a><\/b>\nkirja on saatavilla my\u00f6s muista Amazon-kaupoista\n<b><a href=\"https:\/\/play.google.com\/store\/books\/details\/Inka_Tolonen_Pohjolan_hehku?id=krJBCgAAQBAJ\">Google Play Books<\/a><\/b>\n<b><a href=\"https:\/\/kirja.elisa.fi\/ekirja\/pohjolan-hehku-nain-syntyivat-pohjolan-vuodenajat-ja-taika\">Elisa Kirja<\/a><\/b>\n\n--><\/p>\n<h2>Kirjan tekemiseen osallistuivat<\/h2>\n<p>Teksti, hankevastaava: Inka Tolonen<br \/>\nPuvut, tekstiilit, korut: P\u00e4ivi Ruuska<br \/>\nKannen suunnittelu: Tanja Pulliainen<br \/>\nTaitto: Tanja Pulliainen, Inka Tolonen<br \/>\nValokuvat: Veli-Veikko Elomaa, Tuomas Eerola<br \/>\nMeikki, hiukset: Riina Laine, Piia Hiltunen, Reta Syla, Veera Huttunen, Anette Perki\u00f6m\u00e4ki, Roosa Soulanto<br \/>\nMeikit: MakeUp Store<br \/>\nMallit: Elina Miettinen, Carita Nenonen, Reta Syla, Nina Luostarinen, Kersti Kivi, Marica Kiviniemi, Tea Kangas, Milad Taddayon<br \/>\nTekstinhuolto, tuki: Taina Hollo<br \/>\nValon lapsen puvun Auringons\u00e4de-brokadikankaan on valmistanut<br \/>\nHeli Tuominen, Wetterhoff tekstiiliverstas. Suunnittelu P\u00e4ivi Ruuska.<br \/>\nHopeisen KoruLuu-korun valmistus Thaimaa hopeakyl\u00e4ss\u00e4. Suunnittelu P\u00e4ivi Ruuska.<\/p>\n","protected":false},"excerpt":{"rendered":"<p>Pohjolan hehku &#8211; N\u00e4in syntyiv\u00e4t Pohjolan vuodenajat ja taika EI SAATAVILLA Tekij\u00e4t: Inka Tolonen ja P\u00e4ivi Ruuska Julkaistu: Elokuu 2015 Kustantaja: Klaava Media ISBN: 978-952-7074-41-1 (PDF) 978-952-7074-42-8 (Amazon Kindle) Pohjolan hehku on usean eri alan&hellip; <a href=\"https:\/\/klaava.fi\/?page_id=2522\">More<\/a><\/p>\n","protected":false},"author":2,"featured_media":0,"parent":0,"menu_order":0,"comment_status":"closed","ping_status":"closed","template":"","meta":{"footnotes":""},"class_list":["post-2522","page","type-page","status-publish","hentry"],"_links":{"self":[{"href":"https:\/\/klaava.fi\/index.php?rest_route=\/wp\/v2\/pages\/2522","targetHints":{"allow":["GET"]}}],"collection":[{"href":"https:\/\/klaava.fi\/index.php?rest_route=\/wp\/v2\/pages"}],"about":[{"href":"https:\/\/klaava.fi\/index.php?rest_route=\/wp\/v2\/types\/page"}],"author":[{"embeddable":true,"href":"https:\/\/klaava.fi\/index.php?rest_route=\/wp\/v2\/users\/2"}],"replies":[{"embeddable":true,"href":"https:\/\/klaava.fi\/index.php?rest_route=%2Fwp%2Fv2%2Fcomments&post=2522"}],"version-history":[{"count":1,"href":"https:\/\/klaava.fi\/index.php?rest_route=\/wp\/v2\/pages\/2522\/revisions"}],"predecessor-version":[{"id":7953,"href":"https:\/\/klaava.fi\/index.php?rest_route=\/wp\/v2\/pages\/2522\/revisions\/7953"}],"wp:attachment":[{"href":"https:\/\/klaava.fi\/index.php?rest_route=%2Fwp%2Fv2%2Fmedia&parent=2522"}],"curies":[{"name":"wp","href":"https:\/\/api.w.org\/{rel}","templated":true}]}}