{"id":26,"date":"2009-07-26T14:26:52","date_gmt":"2009-07-26T14:26:52","guid":{"rendered":"https:\/\/klaava.fi\/?page_id=26"},"modified":"2024-11-04T14:08:14","modified_gmt":"2024-11-04T12:08:14","slug":"mainosta-digitaalisen-median-yleisolle","status":"publish","type":"page","link":"https:\/\/klaava.fi\/?page_id=26","title":{"rendered":"Mainosta"},"content":{"rendered":"<p>Klaava.fi tavoittaa suomalaiset, jotka seuraavat digitaalisen median ja erityisesti kirja-alan kehityst\u00e4. E-kirjat, kirjoittaminen, lukeminen, omakustanteet, lukulaitteet, kirjastot, digitaalinen media ja digitaaliset pelit ovat yleens\u00e4 artikkeliemme aiheita.<\/p>\n<p>Suosituimmat mainostyypit ovat olleet tekstimainokset, bannerit ja sponsoroidut artikkelit, mutta julkaisemme muunkin tyyppisi\u00e4 mainoksia.<\/p>\n<p>Ota yhteytt\u00e4 s\u00e4hk\u00f6postilla: <img decoding=\"async\" src=\"\/media\/pics\/contact-klaavafi.png\" alt=\"contact (at) klaava.fi\" \/>. <\/p>\n<p>Here is a brief introduction to our <a href=\"https:\/\/klaava.fi\/?page_id=4701\">advertising services<\/a> in English. <\/p>\n","protected":false},"excerpt":{"rendered":"<p><img decoding=\"async\" src=\"\/static\/pics\/stock-photo-copyright-deste-800.jpg\" alt=\"Ciao! Photo by Deste\" width=\"500\" \/><br \/>\n <br \/>\nKlaava tavoittaa suomalaiset, jotka nauttivat digitaalisen median sis\u00e4ll\u00f6ist\u00e4, kuten e-kirjoista, elokuvista, tablet-lehdist\u00e4, musiikista ja tv-ohjelmista. <\/p>\n","protected":false},"author":2,"featured_media":0,"parent":0,"menu_order":0,"comment_status":"closed","ping_status":"closed","template":"","meta":{"footnotes":""},"class_list":["post-26","page","type-page","status-publish","hentry"],"_links":{"self":[{"href":"https:\/\/klaava.fi\/index.php?rest_route=\/wp\/v2\/pages\/26","targetHints":{"allow":["GET"]}}],"collection":[{"href":"https:\/\/klaava.fi\/index.php?rest_route=\/wp\/v2\/pages"}],"about":[{"href":"https:\/\/klaava.fi\/index.php?rest_route=\/wp\/v2\/types\/page"}],"author":[{"embeddable":true,"href":"https:\/\/klaava.fi\/index.php?rest_route=\/wp\/v2\/users\/2"}],"replies":[{"embeddable":true,"href":"https:\/\/klaava.fi\/index.php?rest_route=%2Fwp%2Fv2%2Fcomments&post=26"}],"version-history":[{"count":1,"href":"https:\/\/klaava.fi\/index.php?rest_route=\/wp\/v2\/pages\/26\/revisions"}],"predecessor-version":[{"id":7936,"href":"https:\/\/klaava.fi\/index.php?rest_route=\/wp\/v2\/pages\/26\/revisions\/7936"}],"wp:attachment":[{"href":"https:\/\/klaava.fi\/index.php?rest_route=%2Fwp%2Fv2%2Fmedia&parent=26"}],"curies":[{"name":"wp","href":"https:\/\/api.w.org\/{rel}","templated":true}]}}