{"id":2795,"date":"2016-02-04T18:43:28","date_gmt":"2016-02-04T15:43:28","guid":{"rendered":"http:\/\/klaava.fi\/?page_id=2795"},"modified":"2016-02-04T18:43:28","modified_gmt":"2016-02-04T15:43:28","slug":"hatahousun-markkinointiopas","status":"publish","type":"page","link":"https:\/\/klaava.fi\/?page_id=2795","title":{"rendered":"Viel\u00e4 ehtii!"},"content":{"rendered":"<h2>Viel\u00e4 ehtii!<br \/>\n22 t\u00e4rkeint\u00e4 asiaa, jotka markkinoijan tulisi ehdottomasti tiet\u00e4\u00e4 digitalisoituneessa yhteiskunnassa<\/h2>\n<p><img decoding=\"async\" class=\"alignleft\" src=\"https:\/\/klaava.fi\/media\/kannet\/kansi-vielaehtii-180.png\" alt=\"Kirjan kansikuva: Viel\u00e4 ehtii!\" width=\"180\"><\/p>\n<p><strong>EI SAATAVILLA<\/strong><\/p>\n<p>Kirjoittaja: Sampo Luoto<br \/>\nJulkaistu: Maaliskuu 2016<br \/>\nJulkaisija: Klaava<br \/>\nISBN:<br \/>\n978-952-7074-59-6 (Amazon Kindle)<br \/>\n978-952-7074-60-2 (EPUB)<br \/>\n978-952-7074-61-9 (Apple)<\/p>\n<p>Nykyp\u00e4iv\u00e4n ty\u00f6el\u00e4m\u00e4 on kiireist\u00e4! Suurella osalla myynnin- ja markkinoinnin asiantuntijoita on aito halu tietojensa p\u00e4ivitt\u00e4miseen ja uusien asioiden omaksumiseen, mutta usein ty\u00f6el\u00e4m\u00e4n vaateet ottavat niskalenkin lukuhaaveilta.<\/p>\n<p>T\u00e4h\u00e4n kirjaan on ker\u00e4tty 22 t\u00e4ss\u00e4 ajassa absoluuttisesti t\u00e4rkeint\u00e4 asiaa, jotka jokaisen nykyaikaisen markkinoijan t\u00e4ytyy tiet\u00e4\u00e4 tehokkaan markkinoinnin suunnittelun tueksi.<\/p>\n<p>Kirjan aiheet vaihtelevat transmediasta ubiikkiyhteiskuntaan ja digimokista pelillist\u00e4miseen. Jokaisessa luvussa aiheet selitet\u00e4\u00e4n perusteellisesti, mutta viihdytt\u00e4v\u00e4ss\u00e4 ja helposti omaksuttavassa muodossa.<\/p>\n<p><!--\n\n\n<h2>Osta kirja<\/h2>\n\n\n<a href=\"http:\/\/www.adlibris.com\/fi\/e-kirja\/viela-ehtii-9789527074602\">Adlibris<\/a>\n<a>Amazon.com<\/a>\n<a href=\"https:\/\/www.amazon.co.uk\/Viel%C3%A4-ehtii-markkinoijan-digitalisoituneessa-yhteiskunnassa-ebook\/dp\/B01F5BK1Z2\/\">Amazon.co.uk<\/a>\n- ja muut Amazon Kindle -kaupat\n<a href=\"https:\/\/itunes.apple.com\/fi\/book\/viela-ehtii!\/id1110692716?mt=11\">Apple iBooks<\/a>\n<a href=\"https:\/\/kirja.elisa.fi\/ekirja\/viela-ehtii-22-tarkeinta-asiaa-jotka-markkinoijan-tulisi-ehdottomasti-tietaa-digitalisoitunee\">Elisa Kirja<\/a>\n<a href=\"https:\/\/play.google.com\/store\/books\/details\/Sampo_Luoto_Viel%C3%A4_ehtii?id=EbwbDAAAQBAJ\">Google Play<\/a>\n<a href=\"https:\/\/store.kobobooks.com\/en-us\/ebook\/viela-ehtii\">Kobo<\/a>\n\n--><\/p>\n<h2>Sis\u00e4llysluettelo<\/h2>\n<p>1. Tulevaisuuden markkinointi<br \/>\n2. Kuinka toimiala mullistetaan?<br \/>\n3. Butter, Kryder ja Hendy \u2013 kolme t\u00e4rke\u00e4\u00e4 nime\u00e4<br \/>\n4. Kuinka sitoutumista mitataan?<br \/>\n5. Mist\u00e4 hyv\u00e4 k\u00e4ytt\u00f6kokemus syntyy?<br \/>\n6. Digitalisaatio on v\u00e4livaihe<br \/>\n7. Asiakkaan l\u00e4helle on pitk\u00e4 matka<br \/>\n8. Natiivimainonta &#8211; t\u00e4t\u00e4 se on<br \/>\n9. Kolme klassista digimokaa<br \/>\n10. Mit\u00e4 on transmedia?<br \/>\n11. Miten kuluttajat saivat vallan?<br \/>\n12. Verkko muutti symbolit ja &#8221;okein&#8221;<br \/>\n13. Mik\u00e4 on ubiikkiyhteiskunta?<br \/>\n14. Miten ihminen j\u00e4rkeist\u00e4\u00e4 ostop\u00e4\u00e4t\u00f6ksens\u00e4?<br \/>\n15. Miksi br\u00e4ndin on hyv\u00e4 olla n\u00f6yr\u00e4?<br \/>\n16. Rakkaudesta br\u00e4ndiin<br \/>\n17. Minttukarkkis\u00e4\u00e4nt\u00f6<br \/>\n18. Mik\u00e4 vetoaa ihmisaivoihin?<br \/>\n19. Markkinoija &#8211; innostu 5G:st\u00e4!<br \/>\n20. Gamification eli pelillist\u00e4minen<br \/>\n21. Muutu tai kuole!<br \/>\n22. Ja milt\u00e4 tulevaisuus oikeasti tulee n\u00e4ytt\u00e4m\u00e4\u00e4n?<\/p>\n","protected":false},"excerpt":{"rendered":"<p>Viel\u00e4 ehtii! 22 t\u00e4rkeint\u00e4 asiaa, jotka markkinoijan tulisi ehdottomasti tiet\u00e4\u00e4 digitalisoituneessa yhteiskunnassa EI SAATAVILLA Kirjoittaja: Sampo Luoto Julkaistu: Maaliskuu 2016 Julkaisija: Klaava ISBN: 978-952-7074-59-6 (Amazon Kindle) 978-952-7074-60-2 (EPUB) 978-952-7074-61-9 (Apple) Nykyp\u00e4iv\u00e4n ty\u00f6el\u00e4m\u00e4 on kiireist\u00e4! Suurella&hellip; <a href=\"https:\/\/klaava.fi\/?page_id=2795\">More<\/a><\/p>\n","protected":false},"author":2,"featured_media":0,"parent":0,"menu_order":0,"comment_status":"closed","ping_status":"closed","template":"","meta":{"footnotes":""},"class_list":["post-2795","page","type-page","status-publish","hentry"],"_links":{"self":[{"href":"https:\/\/klaava.fi\/index.php?rest_route=\/wp\/v2\/pages\/2795","targetHints":{"allow":["GET"]}}],"collection":[{"href":"https:\/\/klaava.fi\/index.php?rest_route=\/wp\/v2\/pages"}],"about":[{"href":"https:\/\/klaava.fi\/index.php?rest_route=\/wp\/v2\/types\/page"}],"author":[{"embeddable":true,"href":"https:\/\/klaava.fi\/index.php?rest_route=\/wp\/v2\/users\/2"}],"replies":[{"embeddable":true,"href":"https:\/\/klaava.fi\/index.php?rest_route=%2Fwp%2Fv2%2Fcomments&post=2795"}],"version-history":[{"count":0,"href":"https:\/\/klaava.fi\/index.php?rest_route=\/wp\/v2\/pages\/2795\/revisions"}],"wp:attachment":[{"href":"https:\/\/klaava.fi\/index.php?rest_route=%2Fwp%2Fv2%2Fmedia&parent=2795"}],"curies":[{"name":"wp","href":"https:\/\/api.w.org\/{rel}","templated":true}]}}