{"id":2882,"date":"2016-05-02T13:16:38","date_gmt":"2016-05-02T10:16:38","guid":{"rendered":"http:\/\/klaava.fi\/?page_id=2882"},"modified":"2016-05-02T13:16:38","modified_gmt":"2016-05-02T10:16:38","slug":"ristiretkien-vaikutus-suomen-rakentamiseen","status":"publish","type":"page","link":"https:\/\/klaava.fi\/?page_id=2882","title":{"rendered":"Ristiretkien rakennukset"},"content":{"rendered":"<h2>Ristiretkien rakennukset<\/h2>\n<p><img decoding=\"async\" class=\"alignleft\" src=\"https:\/\/klaava.fi\/media\/kannet\/kansi-ristiretkiaika-180.png\" alt=\"Kirjan kansikuva: Ristiretkien rakennukset\" width=\"180\" \/><\/p>\n<p><strong>EI SAATAVILLA<\/strong><\/p>\n<p>Kirjoittaja: Jari Hyv\u00e4rinen<br \/>\nJulkaistu: Toukokuu 2016<br \/>\nJulkaisija: Klaava<br \/>\nISBN:<br \/>\n978-952-7074-68-8 (Amazon Kindle PDF)<br \/>\n978-952-7074-67-1 (PDF)<\/p>\n<p>Ruotsi eurooppalaistui varhaiskeskiajalla, jonka ansiosta my\u00f6s nykyisen Suomen alue alkoi l\u00e4nsimaistua L\u00e4nsi-Suomesta alkaen. Ristiretkien kaudesta on 2000-luvulla saatu paljon uutta arkeologista tietoa. My\u00f6s s\u00e4ilyneiden tekstien ja riimukivien uudet tulkinnat ovat antaneet tietoa ja tarjonneet uusia oivalluksia aikakauteen. T\u00e4m\u00e4n p\u00e4iv\u00e4n ihminen voi el\u00e4yty\u00e4 t\u00e4h\u00e4n ristiretkiajan lounaissuomalaiseen maailmaan aikakaudelta s\u00e4ilyneiden rakennusten avulla.<\/p>\n<p>Kirjan <i>Ristiretkien rakennukset<\/i> dokumentaarisena katsauksena etenev\u00e4t esseet nostavat esille Suomen varhaiskeskiajan tapahtumia ja v\u00e4h\u00e4n tunnettuja rakennushistoriallisia maamerkkej\u00e4, jotka edelleen ovat olemassa.<\/p>\n<p>Lis\u00e4\u00e4ntyneen matkailun my\u00f6t\u00e4 suomalaiset ovat hyvin perill\u00e4 naapurimaistaan ja niiden keskiaikaisista kaupungeista. Vertailu l\u00e4hinaapureihimme antaa mielenkiintoisen n\u00e4k\u00f6kulman my\u00f6s ristiretkiajan kotimaiselle rakennushistorialle. Kirjassa k\u00e4siteltyihin esimerkkeihin sis\u00e4ltyy yksitt\u00e4isten rakennusten lis\u00e4ksi runsaasti linnoja ja kauppapaikkoja. Valitut kohteet antavat selke\u00e4n kuvan yht\u00e4 aikaa tutusta ja vieraasta el\u00e4m\u00e4npiirist\u00e4, jossa niin kansan ylemm\u00e4t kuin alemmatkin luokat eliv\u00e4t.<\/p>\n<p>Aikakauden el\u00e4m\u00e4\u00e4n voimakkaasti vaikuttaneen merenkulun vuoksi my\u00f6s laivanrakennushistoriaa esitell\u00e4\u00e4n lyhyesti, sill\u00e4 loppujen lopuksi merenkulun kehitys mahdollisti ristiretket. Uusin tutkimustieto Johanniittojen toiminnasta Pohjoismaissa on my\u00f6s mukana kirjassa.<\/p>\n<p><!--\n\n\n<h2>Osta kirja<\/h2>\n\n\n<a href=\"http:\/\/www.adlibris.com\/fi\/e-kirja\/ristiretkien-rakennukset-9789527074671\">Adlibris<\/a>\n<a href=\"https:\/\/www.amazon.com\/Ristiretkien-rakennukset-Finnish-Jari-Hyv%C3%A4rinen-ebook\/dp\/B01GD184DE\/\">Amazon.com<\/a>\n<a href=\"https:\/\/www.amazon.de\/Ristiretkien-rakennukset-Finnish-Jari-Hyv%C3%A4rinen-ebook\/dp\/B01GD184DE\/\">Amazon.de<\/a> - ja muut Amazon-kaupat\n<a href=\"https:\/\/kirja.elisa.fi\/ekirja\/ristiretkien-rakennukset\">Elisa Kirja<\/a>\n<a href=\"http:\/\/www.ellibs.com\/fi\/book\/9789527074671\/ristiretkien-rakennukset\">Ellibs<\/a>\n\n--><\/p>\n<h2>Sis\u00e4llysluettelo<\/h2>\n<p>Johdanto<br \/>\nViimeiset viikingit 13<br \/>\nBr\u00e5garpin El\u00e4m\u00e4npuu 15<br \/>\nRengasristin muotoisia linnoja 16<br \/>\nYl\u00e4neenkartanon is\u00e4nn\u00e4t 19<br \/>\nHarald H\u00e5rdr\u00e5de Sigtunassa 20<br \/>\nPalkkasoturip\u00e4\u00e4llikk\u00f6 Harald H\u00e5rdr\u00e5de 22<br \/>\nPakanoiden arkkipiispan rotunda 27<br \/>\nSantiago de Compostelan katedraali ja Pohjoismaiden ensimm\u00e4iset muurarit 29<\/p>\n<h3>1. Ristiretkiajan alun rakentajat<\/h3>\n<p>Ristill\u00e4 merkityt Jerusalemissa 30<br \/>\nEnsimm\u00e4iset pohjoismaalaiset ristiretkell\u00e4 Palestiinassa 32<br \/>\nPohjanmiehet Sintrassa 34<br \/>\nSigurd Jerusalemink\u00e4vij\u00e4n Kastelleg\u00e5rden 36<br \/>\n\u00d8ysteinin satama, Agdenes 38<br \/>\nKoko Skandinavian arkkipiispanistuin 39<br \/>\nTanskalaiset ristiritarit muuraavat 41<br \/>\nPy\u00f6re\u00e4 kirkko \u2013 vai linna? 44<br \/>\nTarina er\u00e4\u00e4st\u00e4 muistokirkosta 48<br \/>\nTuleva Ruotsi ristiretkiajan rajapinnassa 49<br \/>\nKauppiaitten V\u00e4stergarn 50<br \/>\nHirsirakennus Gotlannissa 52<br \/>\nPaikallisp\u00e4\u00e4llik\u00f6n talo vai husby-kartano? 53<br \/>\nMotte\u2013puusta rakennettu tornilinna 55<br \/>\nMotte-linnojen rakenne 56<br \/>\nLundag\u00e5rd ja Lundin katedraali 58<br \/>\nJerusalemin monet temppelit 60<br \/>\nG\u00f6talaisia Palestiinassa, ristiretki vai pyhiinvaellus? 63<br \/>\nSisterssil\u00e4inen romaanisuus 65<br \/>\nSveanmaa Palestiinan toisen ristiretken aikaan 66<br \/>\nVanha Laatokka 1100-luvulla 68<br \/>\nArkkienkeli Mikaelin luostari 71<br \/>\nErling Skakken ristiretki 73<br \/>\nTemppeliherrojen v\u00e4rv\u00e4ysluostarit? 76<br \/>\nLaivastoretken muistokirkot 78<br \/>\nRyska g\u00e5rden 80<\/p>\n<h3>2. Kivilinnojen aika alkaa<\/h3>\n<p>Kuninkaan Visings\u00f6 82<br \/>\nVelipuolet It\u00e4merell\u00e4 83<br \/>\nArkona 87<br \/>\nWi\u015btlica ja Stara Zagoscin johanniitat 88<br \/>\nDanevirke VI ja Antvorskovin luostari 90<br \/>\nLinnoituskoekentt\u00e4 Palestiina 92<br \/>\nJerusalemin johanniittakortteli 94<br \/>\nKeisari Justinianuksen mallisairaalat 96<br \/>\nRitarikuntalinnat L\u00e4nsi-Euroopassa ja Palestiinassa 98<br \/>\nLallin kartano 102<br \/>\nErikien Sveanmaa 104<br \/>\nId\u00e4ntien satamissa 106<br \/>\nKarjalan kauppapaikoilla 108<br \/>\nKnut Erikinpoika ristiretkell\u00e4? 109<br \/>\nRistiretki Suomeen? 110<br \/>\nKastaalikuninkaan tornit 112<br \/>\nMuurattu rannikkopuolustus 114<br \/>\nRistiritarien Siion 116<br \/>\nH\u00f8ren sauvakirkko 117<br \/>\nDonjon \u2013 tyrm\u00e4n kaksi kehityssuuntaa 118<br \/>\nSaksalainen ja englantilainen kehityshaara 120<br \/>\nEuroopan ensimm\u00e4inen kruunun sotalaivasto 121<br \/>\nVenetsian Arsenale (Vecchio) 123<br \/>\nKiihkomielinen paavi ja Daavidin kaupunki 124<br \/>\nPohjolan ristiretkilaivasto 127<br \/>\nKauppiashansa It\u00e4merell\u00e4 128<br \/>\nSotakoneiden rakentamisesta 129<br \/>\nBirger Brosan aika Suomenlahden rannikkokyliss\u00e4 131<br \/>\nKastaalikirkoista 132<br \/>\nHakostaron valumuurit 132<br \/>\nBirger Brosa rakennuttajana 134<br \/>\nGutagard ja Peterhof 137<br \/>\nSveanmaan johanniittaluostari 139<br \/>\nPalestiinan kolmas ristiretki 142<br \/>\nKyrenian kastelli 144<br \/>\nJohanniittojen Margat 145<br \/>\nPuukirkoista 147<br \/>\nMaallinen vai kirkollinen hallinto? 152<br \/>\nThiyck\u00e6karl \u2013 ulkosaariston Paksu mies 153<br \/>\nPiispojen kartanoissa 155<br \/>\nKeski-Ruotsi ja Norja 1200-luvun alkupuolella 156<br \/>\nElgeseterin luostari 157<br \/>\nKuninkaan Ihme 159<\/p>\n<h3>3. Saksalaiset rakentajat 1100-1200-lukujen vaihteessa<\/h3>\n<p>Kalpaveljet rakentajina 161<br \/>\nViro 1100-1200-lukujen vaihteessa 165<br \/>\nTarton monet omistajat 168<br \/>\nStarkenberg 170<br \/>\nViljandin linna 171<br \/>\nTanskalaisia Suomenlahdelle \u2011 Hammershusin ristiretkitukikohta 172<br \/>\nHieman kalatynnyri\u00e4 suurempi linna 173<br \/>\nSeitsem\u00e4n velikultaa 175<br \/>\nKalevanlinnan h\u00e4vitys 176<br \/>\nKalpaveljien Daaninlinna 179<br \/>\nTemppeliherroja vendien mailla 182<br \/>\nTallinnan hospitaali 183<br \/>\nPadisten linnoitettu luostari 185<\/p>\n<h3>4. Bj\u00e4lbon Folkungat, todelliset folkungat ja Folkungien ep\u00e4aito haara<\/h3>\n<p>Rakentamista Kymijoen takana 187<br \/>\nUusilla kauppapaikoilla 188<br \/>\nPuusta rakennetun Ruotsin kaupungit 191<br \/>\nVanajan arvoitus 196<br \/>\nHattula 1200-luvun alussa 197<br \/>\nPorvoonjoen motte? 199<br \/>\nHattulan Pyh\u00e4n Ristin kirkko 199<br \/>\nPohjanlahden pyhiinvaellusreitist\u00e4 201<br \/>\nSkandinaaveja j\u00e4lleen Konstantinopolissa 202<br \/>\nPyhiinvaeltajien linna, Atlit 205<br \/>\nLuhistuva Bysantti 207<br \/>\nNidaros, lamasalvottu kaupunki 208<br \/>\nRuotsin ensimm\u00e4inen kruunun ristiretki 210<br \/>\nVisbyn dominikaanikonventti 212<br \/>\nTorni-keh\u00e4muuri-palatsi Suomessa 215<br \/>\nKivitorni kuorin p\u00e4\u00e4ll\u00e4? 216<br \/>\nKahdeksankulmaisuuden symboliikkaa? 218<br \/>\nArkkipiispojen Skeingeborg 220<br \/>\nJaarli Birger ja Jerusalemin pyhiinvaellukset 222<br \/>\nK\u00e4llan kirkkolinnoitus \u2013 linnoituskirkko? 222<br \/>\nRistiretkel\u00e4isten tienvarsikylist\u00e4 224<br \/>\nPyh\u00e4 Sepulcher 225<br \/>\nFredrikin Taormina 227<br \/>\nJunkarsborgin ensimm\u00e4inen rakennusvaihe 228<br \/>\nLiedon Vanhalinna 229<br \/>\nH\u00e4meen retki ja h\u00e4m\u00e4l\u00e4inen satama 231<br \/>\nRistiretkiajan laivaj\u00e4\u00e4nteit\u00e4 233<br \/>\nKoggi, protokoggi vai joku muu? 234<br \/>\nKoska Hakoisten linnaa muurattiin? 236<br \/>\nCordoban moskeija 238<br \/>\nUplanti-Suomi \u2011 maa jota ei syntynyt 240<br \/>\nMaaseutukylien alkuvaiheita 244<br \/>\nMaaseuturakentaminen Ruotsissa 250<br \/>\nEtel\u00e4g\u00f6tanmaalainen paritupa 251<br \/>\nUskonnollinen keskus 253<br \/>\nMoisioista 255<br \/>\nSaaren moisio 258<br \/>\nUusia rakennustekniikoita 260<br \/>\nMuuratuista asunnoista 261<br \/>\nTorniasunnot 263<br \/>\nBaltian kaupungistumisen alkuvaiheita 263<br \/>\nBirger Magnusson kastellirakentajana 264<br \/>\nMaan tie 266<br \/>\nBaibars ja Johan Filipsson 267<br \/>\nTukholman kaupunginmuuri 270<br \/>\nTiilimuurareita Pohjolaan 272<br \/>\nRannikon kauppasatamissa 273<br \/>\nVisbyn raatihuone 275<br \/>\nMunkki- ja veljeskunnat muuraavat 276<br \/>\nTurun dominikaanikonventti 277<br \/>\nTallinnan dominikaanikonventti 279<br \/>\nTukholman fransiskaanikonventti 281<br \/>\nUuden Uppsalan arkkipiispanistuin 283<\/p>\n<h3>5. Birger-jaarlin j\u00e4lkeen<\/h3>\n<p>Saksalainen ritarikuntakomtuuri Ruotsiin 285<br \/>\nTurun Tuomiokirkko ja muut Keski-Ruotsin suuret kirkot 288<br \/>\nSuomen herttuan palatsit 291<br \/>\nMuuttuva rakennustyyli 292<br \/>\nArkkitehdeista ja rakennussuunnittelijoista 293<br \/>\nMuuraamista verovaroilla 295<br \/>\nKaksi palatsia, Alsn\u00f6hus ja H\u00e5konshalle 297<br \/>\nAvaldsn\u00e4sin yll\u00e4tys 300<br \/>\nL\u00f6ydettiink\u00f6 Mariasuden? 300<br \/>\nKungah\u00e4lla H\u00e5konin aikana 302<br \/>\nRuotsin hallinto-donjoneista 305<br \/>\nAateliston asunnoista 306<br \/>\nDonjon vai kirkko? 307<br \/>\nAkkon kuningaskunta 1200-luvun lopulla 308<br \/>\nRistiretkel\u00e4isten Akkon ennallistusty\u00f6 311<br \/>\nKypros Palestiinan j\u00e4lkeen 312<br \/>\nVisbyn uusi kaupunginmuuri 312<br \/>\nGotlannin farmannahusit 313<br \/>\nTurun ja H\u00e4meen linnojen muurareita 315<br \/>\nVedenalainen kuninkaanlinnamme 316<br \/>\nVarakuninkaan donjon`it 318<br \/>\nMaankruunun rakenteesta 323<br \/>\nK\u00e4kisalmen alkuvaiheet 325<br \/>\nRistiretken kaikuja Tanskassa 326<br \/>\nAran\u00e4s \u2013 Kotkanniemi 328<br \/>\nFolkungien veljesriita 330<br \/>\nDalaborgin blockhus 333<br \/>\nMyllyist\u00e4 336<br \/>\nMatias Kettilmundinpoika, yksi meid\u00e4n parhaista 338<br \/>\nTie P\u00e4hkin\u00e4saareen rauhaan 340<br \/>\nS\u00f6dra R\u00e5dan puukirkko 344<\/p>\n<h3>6. Ruotsin viimeinen ristiretkikuningas<\/h3>\n<p>Carcassonne 347<br \/>\nMaunu Erikinpojan aikaisia rakennust\u00f6it\u00e4 349<br \/>\nVisbyn toinen raatihuone 350<br \/>\nBaltian kirkkolinnoitukset 352<br \/>\nFellin 353<br \/>\nTuomiokirkon torni 354<br \/>\nRitarikuntalinnojen I vaihe 357<br \/>\nMukana Pyh\u00e4ll\u00e4 Maalla? 359<br \/>\nPlantagenet-kuninkaat rakentajina 360<br \/>\nRuotsalaiset dominukset 361<br \/>\nReichenaun luostari 363<br \/>\nAlppien solissa 364<br \/>\nPyh\u00e4n Bernhardin majatalot 365<br \/>\nTukholman dominikaanikonventti 367<br \/>\nTontti 69 Viipurissa 369<br \/>\nRhodoksen ristiretkel\u00e4isist\u00e4 371<br \/>\nJohanniittojen Kielet 373<br \/>\nMerimiehi\u00e4, rakentajia ja rangaistusvankeja 376<br \/>\nDromon, ristiretkilaivastojen ty\u00f6kalu 376<br \/>\nKeit\u00e4 olivat Rapolan viimeiset puolustajat? 380<br \/>\nEuroopan viimeiset donjonit 381<br \/>\nNuori Bo Joninpoika kuninkaan kartanoissa 382<br \/>\nKartanotyypeist\u00e4 383<br \/>\nHangastenm\u00e4ki 387<\/p>\n<h3>7. Bo Grip ristiretkell\u00e4?<\/h3>\n<p>Johanniittaluostarien laajennust\u00f6it\u00e4 Norjassa ja Tanskassa 390<br \/>\nRuotsin johannittaluostareista 392<br \/>\nKaksikaistaisia teit\u00e4 ja pyhiinvaellusreittej\u00e4 393<br \/>\nMaunu Erikinpojan ristiretki 395<br \/>\nEr\u00e4\u00e4n kogin viimeinen suojasatama 397<br \/>\nBo Joninpoika ristiretkell\u00e4? 398<br \/>\nVartiokyl\u00e4n linna 399<br \/>\nBo kapinap\u00e4\u00e4llikk\u00f6n\u00e4 400<br \/>\nLyypekin ja Visbyn kaupunginmuurit 401<br \/>\nRikkaat is\u00e4nn\u00e4t rakennuttajina 403<br \/>\nTaistelu Gotlannissa 405<br \/>\nMarski hansan satamissa 407<br \/>\nKauppiashansasta kaupunkihansa 408<br \/>\nRistiretkel\u00e4isten ja Blanca Namurilaisen T\u00f8nsberg 409<br \/>\nTalo vai laiva \u2013 vai molempia? 414<br \/>\nAlbrekt ja Bo Joninpoika rakennuttavat Suomen saariin 419<br \/>\nBirgittalaisia luostareita 421<br \/>\nBo Joninpoika Suomessa 423<\/p>\n<h3>8. Bo Grip rakennuttajana<\/h3>\n<p>Bo Joninpoika keskittyy It\u00e4maan rakentamiseen 425<br \/>\nSisterssil\u00e4iset Suomenlahdella 428<br \/>\nPrigorod 429<br \/>\nBo Joninpoika saaristoreitin kappeleissa 431<br \/>\nSuurista kauppalaivoista 432<br \/>\nSaaritukikohtia 434<br \/>\nUlvila 436<br \/>\nKirkonkylist\u00e4 437<br \/>\nKorsholm \u2011 Ristisaari 438<br \/>\nCastrum-curia-linnoista 440<br \/>\nPohjanlahden rannikkovartioasemat 441<br \/>\nKastelholmassa ja Stenbergassa muurataan 444<br \/>\nMaskun kivikirkko 446<br \/>\nRaasepori \u2013 Ratzenburg 447<br \/>\nMotte-linnojen paluu 449<br \/>\nTunan kaupunki 449<br \/>\nRaaseporin donjon? 450<br \/>\nSnappertunan Kull\u00e5kersbacken 451<br \/>\nMerimerkeist\u00e4 453<br \/>\nPorvoon ja Viipurin kaupungit 457<br \/>\nPorvoon hirsikastelli 458<br \/>\nMit\u00e4 Birgitta rakennutti Roomaan? 459<br \/>\nHusholmenin linna 460<br \/>\nH\u00e4meen Stock 462<br \/>\nBo Ruotsin em\u00e4maan rakentajana 463<br \/>\nAkko 1300-luvulla 463<br \/>\nK\u00f6karin fransiskaanikonventti 464<br \/>\nPyhiinvaelluskappeleista 466<br \/>\nRuotsin toiseksi suurin kaupunki, Turku 467<br \/>\nViel\u00e4 kerran Koroinen 469<br \/>\nKoroisista Turkuun 470<br \/>\nSilloista 472<br \/>\nTurun kauppiaiden Luostarikortteli 476<br \/>\nTurun Tori, Raatihuone ja Pennisilta 480<br \/>\nRuotsin raatihuoneista 482<br \/>\nPiispa Hemmingin Turku 485<br \/>\nTurun muuri 487<br \/>\nKaksi kiltataloa 489<br \/>\nMyran Pyh\u00e4 Nikolaus 491<br \/>\nBo Joninpojan viimeiset vuodet 493<br \/>\nRauhanlaivoja Pohjanlahdella 494<br \/>\nKorsholman, Albrecktin ja ristiretkien loppu 495<br \/>\nViimeiset ristiretket 497<\/p>\n<h3>9. It\u00e4maa ristiretkien p\u00e4\u00e4ttyess\u00e4<\/h3>\n<p>Hakoisten hallinto-donjon\u2026 500<br \/>\nHakoisten komtuuri 501<br \/>\nVarikonniemi 1300-luvulla 502<br \/>\nKuninkaan ritarin kartano 504<br \/>\nK\u00f6yli\u00f6n pyhiinvaelluskappeli 505<br \/>\nKuitia ja Haapaniemi 506<br \/>\nRistiretkien perint\u00f6 508<\/p>\n<p>L\u00e4hteet<br \/>\nPainettuja l\u00e4hteit\u00e4 513<br \/>\nVerkkol\u00e4hteit\u00e4 520<br \/>\nKuvien piirt\u00e4miseen k\u00e4ytetyt kuval\u00e4hteet 522<br \/>\nHenkil\u00f6hakemisto 526<br \/>\nKohdehakemisto 532<br \/>\nMerenkulun kohdehakemisto 537<\/p>\n","protected":false},"excerpt":{"rendered":"<p>Ristiretkien rakennukset EI SAATAVILLA Kirjoittaja: Jari Hyv\u00e4rinen Julkaistu: Toukokuu 2016 Julkaisija: Klaava ISBN: 978-952-7074-68-8 (Amazon Kindle PDF) 978-952-7074-67-1 (PDF) Ruotsi eurooppalaistui varhaiskeskiajalla, jonka ansiosta my\u00f6s nykyisen Suomen alue alkoi l\u00e4nsimaistua L\u00e4nsi-Suomesta alkaen. Ristiretkien kaudesta on&hellip; <a href=\"https:\/\/klaava.fi\/?page_id=2882\">More<\/a><\/p>\n","protected":false},"author":2,"featured_media":0,"parent":0,"menu_order":0,"comment_status":"closed","ping_status":"closed","template":"","meta":{"footnotes":""},"class_list":["post-2882","page","type-page","status-publish","hentry"],"_links":{"self":[{"href":"https:\/\/klaava.fi\/index.php?rest_route=\/wp\/v2\/pages\/2882","targetHints":{"allow":["GET"]}}],"collection":[{"href":"https:\/\/klaava.fi\/index.php?rest_route=\/wp\/v2\/pages"}],"about":[{"href":"https:\/\/klaava.fi\/index.php?rest_route=\/wp\/v2\/types\/page"}],"author":[{"embeddable":true,"href":"https:\/\/klaava.fi\/index.php?rest_route=\/wp\/v2\/users\/2"}],"replies":[{"embeddable":true,"href":"https:\/\/klaava.fi\/index.php?rest_route=%2Fwp%2Fv2%2Fcomments&post=2882"}],"version-history":[{"count":0,"href":"https:\/\/klaava.fi\/index.php?rest_route=\/wp\/v2\/pages\/2882\/revisions"}],"wp:attachment":[{"href":"https:\/\/klaava.fi\/index.php?rest_route=%2Fwp%2Fv2%2Fmedia&parent=2882"}],"curies":[{"name":"wp","href":"https:\/\/api.w.org\/{rel}","templated":true}]}}