{"id":3018,"date":"2016-07-28T17:37:19","date_gmt":"2016-07-28T14:37:19","guid":{"rendered":"http:\/\/klaava.fi\/?page_id=3018"},"modified":"2016-07-28T17:37:19","modified_gmt":"2016-07-28T14:37:19","slug":"sotataidon-mestareita","status":"publish","type":"page","link":"https:\/\/klaava.fi\/?page_id=3018","title":{"rendered":"Sotataidon mestareita"},"content":{"rendered":"<h2>Teollistuvan yhteiskunnan sotahistoriaa 1700-luvulta nykyp\u00e4iviin<\/h2>\n<p><img decoding=\"async\" class=\"alignleft\" src=\"media\/kannet\/kansi-sotataito-180.jpg\" alt=\"Kirjan kansikuva: Sotataidon mestareita\" width=\"180\"><\/p>\n<p><strong>EI SAATAVILLA<\/strong><\/p>\n<p>Kirjoittaja: Juha Vahe<br \/>\nJulkaistu: Syyskuu 2016<br \/>\nJulkaisija: Klaava<br \/>\nISBN:<br \/>\n978-952-7074-69-5 (Amazon Kindle)<br \/>\n978-952-7074-70-1 (EPUB)<br \/>\n978-952-7074-71-8 (Apple)<\/p>\n<p>Onko yksi sotap\u00e4\u00e4llikk\u00f6 taitavampi kuin toinen? K\u00e4ytett\u00e4viss\u00e4 olevat resurssit vaikuttavat sodank\u00e4ynnin lopputulokseen, kuten my\u00f6s olosuhteet ja teknologia, mutta johtamistaidolla voi olla niit\u00e4kin suurempi merkitys menestykseen.<\/p>\n<p>Kirjassa <i>Sotataidon mestareita<\/i> keskityt\u00e4\u00e4n l\u00e4nsimaiseen sotataitoon &#8211; Euroopassa syntyneeseen oppiin ja teknologiaan &#8211; 1700-luvulta nykyaikaan. L\u00e4ht\u00f6kohtana on 1700-luvun alku, koska silloin ruutiaseet olivat jo k\u00e4yt\u00f6ss\u00e4 suurella osalla sotilaista, ja sotataidon kehitys harppasi pitki\u00e4 askeleita eteenp\u00e4in teollistumisen my\u00f6t\u00e4. L\u00e4nsimaissa k\u00e4ytetyt menetelm\u00e4t on v\u00e4hitellen otettu k\u00e4ytt\u00f6\u00f6n koko maailmassa.<\/p>\n<p>Painopiste on sotataidossa, siis siin\u00e4, miten sodittiin esimerkiksi Waterloossa, USA:n sis\u00e4llissodassa, maailmansodissa tai Kuwaitissa. Sotataidon historian ohessa kirjassa vertaillaan my\u00f6s eri aikakausien taisteluita toisiinsa: mitk\u00e4 olivatkaan Napoleonin ja Hitlerin todelliset johtamistaidot? Kirjassa oikaistaan my\u00f6s suomenkielisess\u00e4 kirjallisuudessa esiintyneit\u00e4 k\u00e4sityksi\u00e4 esimerkiksi musketeista.<\/p>\n<p>Suomen sotahistoriaa ja turvallisuuspolitiikkaa kirjassa taustoitetaan erikseen. Vaikka sotilasliittoihin, kuten NATOon ei teoksessa otetakaan kantaa, sis\u00e4ll\u00f6st\u00e4 avautuva laaja n\u00e4k\u00f6ala tarjoaa erinomaisen mahdollisuuden ymm\u00e4rt\u00e4\u00e4 Suomen asemaa liitoissa ja niiden ulkopuolella.<\/p>\n<p>Kirja on selke\u00e4 katsaus sotataidon ja -teknologian kehityksen historiaan 1700-luvulta alkaen. Tapahtumat avautuvat kaikille historiasta kiinnostuneille ilman aiempaa sotahistorian tuntemista. Runsas kuvitus ja kartat n\u00e4ytt\u00e4v\u00e4t sodan kaikki puolet \u2013 sen v\u00e4ist\u00e4m\u00e4t\u00f6nt\u00e4 julmuutta unohtamatta.<\/p>\n<p>Juha Vahe on aiemmin julkaissut 10 historia-aiheista kirjaa.<\/p>\n<p><!--\n\n\n<h2>Osta kirja<\/h2>\n\n\n<a href=\"http:\/\/www.adlibris.com\/fi\/e-kirja\/sotataidon-mestareita---teollistuvan-yhteiskunnan-sotahistoriaa-1700-luvulta-nykypaiviin-9789527074701\">Adlibris<\/a>\n<a href=\"https:\/\/www.amazon.com\/Sotataidon-mestareita-Teollistuvan-yhteiskunnan-sotahistoriaa-ebook\/dp\/B01KTVTJ4M\/\">Amazon.com<\/a>\n<a href=\"https:\/\/itunes.apple.com\/fi\/book\/sotataidon-mestareita\/id1146514472?mt=11\">Apple iBooks<\/a>\n<a href=\"https:\/\/kirja.elisa.fi\/ekirja\/sotataidon-mestareita-teollistuvan-yhteiskunnan-sotahistoriaa-1700-luvulta-nykypaiviin\">Elisa Kirja<\/a>\n<a href=\"https:\/\/store.kobobooks.com\/en-us\/ebook\/sotataidon-mestareita\">Kobo<\/a>\n\n--><\/p>\n<h2>Sis\u00e4llysluettelo<\/h2>\n<p>Johdanto<br \/>\nMiksi on sotalaitoksia?<br \/>\n&nbsp;&nbsp;Sotien syyt<br \/>\n&nbsp;&nbsp;Sodan politiikkaa<br \/>\nAsevoimat<br \/>\n&nbsp;&nbsp;Henkil\u00f6st\u00f6<br \/>\n&nbsp;&nbsp;Asevoimien koko<br \/>\nSotataito<br \/>\n&nbsp;&nbsp;Operaatiotaidosta<br \/>\n&nbsp;&nbsp;Asevoimien potentiaalinen rooli<br \/>\nAseet ja aselajit<br \/>\n&nbsp;&nbsp;K\u00e4sitteist\u00e4<br \/>\n&nbsp;&nbsp;Ratsuv\u00e4ki<br \/>\n&nbsp;&nbsp;Jalkav\u00e4ki<br \/>\n&nbsp;&nbsp;Musketti<br \/>\n&nbsp;&nbsp;Pistin<br \/>\n&nbsp;&nbsp;Jalkav\u00e4en lajit<br \/>\n&nbsp;&nbsp;Kentt\u00e4tykist\u00f6<br \/>\nSotilasorganisaatio<br \/>\n&nbsp;&nbsp;Er\u00e4itten maitten asevoimien ominaispiirteit\u00e4 1700-luvulta alkaen<br \/>\n1700-luvun sotataidon erityispiirteit\u00e4<br \/>\nRanskan vallankumouksen mullistukset<br \/>\n&nbsp;&nbsp;Divisioona ja armeijakunta<br \/>\nNapoleon<br \/>\n&nbsp;&nbsp;Austerlitzin taistelu<br \/>\n&nbsp;&nbsp;Euroopan herruuden mahdottomuus<br \/>\n&nbsp;&nbsp;Ranskalaiset esikunnat<br \/>\n&nbsp;&nbsp;Napoleon ja sotataito<br \/>\n&nbsp;&nbsp;Napoleon Hitleriin verrattuna<br \/>\n&nbsp;&nbsp;Napoleonin sotataidon vaikutteet<br \/>\nSotataidon teoreetikkoja<br \/>\n&nbsp;&nbsp;Jomini<br \/>\n&nbsp;&nbsp;Clausewitz<br \/>\nUSA:n sis\u00e4llissota 1861 &#8211; 1865<br \/>\nPreussin armeijan murros 1800-luvulla<br \/>\n&nbsp;&nbsp;Upseerikoulutuksen kehitt\u00e4minen Euroopassa 1800-luvulla<br \/>\n&nbsp;&nbsp;Preussin asevoimien kehityksen alkuvaiheita 1800-luvulla<br \/>\n&nbsp;&nbsp;Itsen\u00e4inen ajattelu Preussin ja Saksan upseeriston vahvuutena<br \/>\n&nbsp;&nbsp;Saksan yhdistymis- ja laajentumissodat<br \/>\n&nbsp;&nbsp;Schlieffen-suunnitelma ja sen kritiikki<br \/>\n&nbsp;&nbsp;Voitiinko sotahistoriasta oppia 1900-luvun alussa?<br \/>\nEnsimm\u00e4inen maailmansota 1914 &#8211; 1918<br \/>\n&nbsp;&nbsp;Sodan v\u00e4litt\u00f6m\u00e4t syyt<br \/>\n&nbsp;&nbsp;Ensimm\u00e4isen maailmansodan alku<br \/>\n&nbsp;&nbsp;Asemasota<br \/>\n&nbsp;&nbsp;Yritykset murtaa asemasodan pattitilanne<br \/>\n&nbsp;&nbsp;Ilmasodan alku<br \/>\nMerisota<br \/>\n&nbsp;&nbsp;Purjelaivojen kausi<br \/>\n&nbsp;&nbsp;H\u00f6yryvoima ja panssarointi<br \/>\n&nbsp;&nbsp;Merisota Euroopassa 1900-luvulla<br \/>\nToinen maailmansota<br \/>\n&nbsp;&nbsp;1930-luvun armeijat<br \/>\n&nbsp;&nbsp;Saksan j\u00e4lleenvarustautuminen<br \/>\n&nbsp;&nbsp;Mik\u00e4 oli Saksan panssariaseen voima?<br \/>\n&nbsp;&nbsp;Salamasodan sotataitoa<br \/>\n&nbsp;&nbsp;Saksan kahden rintaman sota<br \/>\n&nbsp;&nbsp;K\u00e4\u00e4nne it\u00e4rintamalla<br \/>\n&nbsp;&nbsp;Yhdysvallat liittyy sotaan<br \/>\n&nbsp;&nbsp;K\u00e4\u00e4nne l\u00e4nness\u00e4<br \/>\n&nbsp;&nbsp;Ilmasota Euroopassa<br \/>\n&nbsp;&nbsp;Japani<br \/>\n&nbsp;&nbsp;USA:n vastahy\u00f6kk\u00e4ykset Tyynell\u00e4 valtamerell\u00e4<br \/>\n&nbsp;&nbsp;Eri maitten sodanjohdon tarkastelua<br \/>\n&nbsp;&nbsp;Saksa<br \/>\n&nbsp;&nbsp;Neuvostoliitto<br \/>\n&nbsp;&nbsp;Iso-Britannia<br \/>\n&nbsp;&nbsp;Yhdysvallat<br \/>\n&nbsp;&nbsp;Toisen maailmansodan sotilaskomentajia<br \/>\nToisen maailmansodan tekninen perint\u00f6<br \/>\n&nbsp;&nbsp;Ydinase<br \/>\n&nbsp;&nbsp;Ydinsodan uhka<br \/>\n&nbsp;&nbsp;Tavanomaiset aseet<br \/>\nTaisteluesimerkkej\u00e4 toisen maailmansodan j\u00e4lkeiselt\u00e4 ajalta<br \/>\n&nbsp;&nbsp;Helikopterit ja Vietnamin sota<br \/>\n&nbsp;&nbsp;Falklandin sota<br \/>\n&nbsp;&nbsp;Taistelu Kuwaitista<br \/>\nSuomen sotahistoriasta<br \/>\nYhteenveto<br \/>\n&nbsp;&nbsp;Tiedustelu ja erikoisjoukot<br \/>\n&nbsp;&nbsp;Ep\u00e4tavanomainen sodank\u00e4ynti<br \/>\n&nbsp;&nbsp;Pioneeriaselaji<br \/>\n&nbsp;&nbsp;Taistelulajit<br \/>\n&nbsp;&nbsp;Taistelumoraalista<br \/>\n&nbsp;&nbsp;Johtamisen ja viestityksen kehitys 300 vuodessa<br \/>\n&nbsp;&nbsp;Huolto<br \/>\n&nbsp;&nbsp;Sotilasliitoista<br \/>\n&nbsp;&nbsp;Terveydenhoito<br \/>\nLoppukatsaus<br \/>\nViitteet<br \/>\nL\u00e4hteet<br \/>\n&nbsp;&nbsp;Kuvien l\u00e4hteet<br \/>\n&nbsp;&nbsp;L\u00e4hdeluettelo<\/p>\n","protected":false},"excerpt":{"rendered":"<p>Teollistuvan yhteiskunnan sotahistoriaa 1700-luvulta nykyp\u00e4iviin EI SAATAVILLA Kirjoittaja: Juha Vahe Julkaistu: Syyskuu 2016 Julkaisija: Klaava ISBN: 978-952-7074-69-5 (Amazon Kindle) 978-952-7074-70-1 (EPUB) 978-952-7074-71-8 (Apple) Onko yksi sotap\u00e4\u00e4llikk\u00f6 taitavampi kuin toinen? K\u00e4ytett\u00e4viss\u00e4 olevat resurssit vaikuttavat sodank\u00e4ynnin lopputulokseen,&hellip; <a href=\"https:\/\/klaava.fi\/?page_id=3018\">More<\/a><\/p>\n","protected":false},"author":2,"featured_media":0,"parent":0,"menu_order":0,"comment_status":"closed","ping_status":"closed","template":"","meta":{"footnotes":""},"class_list":["post-3018","page","type-page","status-publish","hentry"],"_links":{"self":[{"href":"https:\/\/klaava.fi\/index.php?rest_route=\/wp\/v2\/pages\/3018","targetHints":{"allow":["GET"]}}],"collection":[{"href":"https:\/\/klaava.fi\/index.php?rest_route=\/wp\/v2\/pages"}],"about":[{"href":"https:\/\/klaava.fi\/index.php?rest_route=\/wp\/v2\/types\/page"}],"author":[{"embeddable":true,"href":"https:\/\/klaava.fi\/index.php?rest_route=\/wp\/v2\/users\/2"}],"replies":[{"embeddable":true,"href":"https:\/\/klaava.fi\/index.php?rest_route=%2Fwp%2Fv2%2Fcomments&post=3018"}],"version-history":[{"count":0,"href":"https:\/\/klaava.fi\/index.php?rest_route=\/wp\/v2\/pages\/3018\/revisions"}],"wp:attachment":[{"href":"https:\/\/klaava.fi\/index.php?rest_route=%2Fwp%2Fv2%2Fmedia&parent=3018"}],"curies":[{"name":"wp","href":"https:\/\/api.w.org\/{rel}","templated":true}]}}