{"id":546,"date":"2010-06-27T13:43:31","date_gmt":"2010-06-27T13:43:31","guid":{"rendered":"https:\/\/klaava.fi\/?page_id=546"},"modified":"2024-11-03T15:33:33","modified_gmt":"2024-11-03T13:33:33","slug":"kirjakustantaja-klaava-media","status":"publish","type":"page","link":"https:\/\/klaava.fi\/?page_id=546","title":{"rendered":"E-kirjojen julkaisupalvelut"},"content":{"rendered":"<p>Kun kirjailija on saanut kirjansa k\u00e4sikirjoituksen valmiiksi, alkaa tuotantoprosessi joka johtaa kirjan julkaisuun. T\u00e4n\u00e4 p\u00e4iv\u00e4n\u00e4 t\u00e4lle prossessille on useita vaihtoehtoisia toteutustapoja riippuen siit\u00e4 mit\u00e4 tekij\u00e4noikeuksia kirjailija haluaa luovuttaa pois ja mit\u00e4 h\u00e4n haluaa hallita itse.<\/p>\n<p>Voimme auttaa kirjan tuotantoprosessin eri vaiheissa sek\u00e4 omakustanne- ett\u00e4 yritysten alihankintaprojekteissa. Koska keskitymme e-kirjoihin, seuraavassa esitell\u00e4\u00e4n nimenomaan s\u00e4hk\u00f6isen kirjan julkaisun vaiheet.<\/p>\n<ul>\n<li>Vaihe 1. K\u00e4sikirjoituksen viimeistely, editointi (puhutaan my\u00f6s toimittamisesta tai kustannustoimittamisesta) ja oikoluku. N\u00e4m\u00e4 voivat olla omia ty\u00f6kokonaisuuksiaan tai ne tehd\u00e4\u00e4n tapauksesta riippuen samassa vaiheessa.<\/li>\n<li>Vaihe 2. Kirjan kansikuvan suunnittelu ja toteutus. <\/li>\n<li>Vaihe 3. Kirjalle luonnostellaan esittelyteksti, joka toimii my\u00f6s tuotekuvauksena.<\/li>\n<li>Vaihe 4. Kirja taitetaan kaikkiin yleisiin e-kirjojen formaatteihin. Yleens\u00e4 t\u00e4m\u00e4 tarkoittaa EPUB- ja Kindle-taiton tekemist\u00e4.<\/li>\n<li>Vaihe 5. Taiton aikana kaikki kuvat, kaaviot, taulukot ja vastaavat elementit k\u00e4sitell\u00e4\u00e4n ja muokataan sopiviksi niin suurille kuin pienillekin n\u00e4yt\u00f6ille, joita lukemiseen tyypillisesti k\u00e4ytet\u00e4\u00e4n.<\/li>\n<li>Vaihe 6. Valmis e-kirja testataan ja varmistetaan, ett\u00e4 se toimii usean tyyppisess\u00e4 laitteessa ja lukusovelluksessa.<\/li>\n<\/ul>\n<p>Joissakin projekteiss\u00e4 hoidamme koko prosessin alusta loppuun, joskus ainoastaan jonkin m\u00e4\u00e4r\u00e4tyn vaiheen.<\/p>\n<p>Julkaisemme my\u00f6s englanninkielist\u00e4 <a href=\"https:\/\/klaava.com\/klaava-travel-guide\/\">Klaava Travel Guide<\/a> -kirjasarjaa matkakohteista, joihin helposti l\u00e4hestytt\u00e4v\u00e4 visuaalinen matkaopas tutustuttaa matkailijan.<\/p>\n<p>Ota yhteytt\u00e4 l\u00e4hett\u00e4m\u00e4ll\u00e4 s\u00e4hk\u00f6postia osoitteeseen kirja@klaava.fi. Kaikki <a href=\"https:\/\/klaava.fi\/?page_id=6\">yhteystietomme l\u00f6yd\u00e4t t\u00e4\u00e4lt\u00e4<\/a>.<\/p>\n","protected":false},"excerpt":{"rendered":"<p align=\"right\"><a href=\"http:\/\/www.klaava.com\/publisher\/\">Klaava Media publishes English nonfiction and travel guide titles<\/a><\/p>\n","protected":false},"author":2,"featured_media":0,"parent":0,"menu_order":0,"comment_status":"closed","ping_status":"closed","template":"","meta":{"footnotes":""},"class_list":["post-546","page","type-page","status-publish","hentry"],"_links":{"self":[{"href":"https:\/\/klaava.fi\/index.php?rest_route=\/wp\/v2\/pages\/546","targetHints":{"allow":["GET"]}}],"collection":[{"href":"https:\/\/klaava.fi\/index.php?rest_route=\/wp\/v2\/pages"}],"about":[{"href":"https:\/\/klaava.fi\/index.php?rest_route=\/wp\/v2\/types\/page"}],"author":[{"embeddable":true,"href":"https:\/\/klaava.fi\/index.php?rest_route=\/wp\/v2\/users\/2"}],"replies":[{"embeddable":true,"href":"https:\/\/klaava.fi\/index.php?rest_route=%2Fwp%2Fv2%2Fcomments&post=546"}],"version-history":[{"count":1,"href":"https:\/\/klaava.fi\/index.php?rest_route=\/wp\/v2\/pages\/546\/revisions"}],"predecessor-version":[{"id":7891,"href":"https:\/\/klaava.fi\/index.php?rest_route=\/wp\/v2\/pages\/546\/revisions\/7891"}],"wp:attachment":[{"href":"https:\/\/klaava.fi\/index.php?rest_route=%2Fwp%2Fv2%2Fmedia&parent=546"}],"curies":[{"name":"wp","href":"https:\/\/api.w.org\/{rel}","templated":true}]}}