{"id":579,"date":"2014-07-22T14:04:16","date_gmt":"2014-07-22T11:04:16","guid":{"rendered":"https:\/\/klaava.fi\/?page_id=579"},"modified":"2024-11-06T12:07:50","modified_gmt":"2024-11-06T10:07:50","slug":"testaamamme-e-kirjojen-lukulaitteet-ja-tabletit-seka-muutaman-laitteen-esittely","status":"publish","type":"page","link":"https:\/\/klaava.fi\/?page_id=579","title":{"rendered":"Testaamamme e-kirjojen lukulaitteet ja tabletit (sek\u00e4 muutaman laitteen esittely)"},"content":{"rendered":"<p>E-kirjojen lukulaite on elektroninen laite, joka on tehty vain kirjojen, lehtien ja ylip\u00e4\u00e4t\u00e4\u00e4n tekstidokumenttien lukemista varten. <\/p>\n<p>Tablet on tietokone, jolla voi tehd\u00e4 l\u00e4hes kaikkea sit\u00e4 mit\u00e4 kannettavalla tietokoneellakin. V\u00e4rin\u00e4ytt\u00f6, langaton internet-yhteys ja runsas valikoima sovellusohjelmia tekev\u00e4t tabletista monipuolisen kodin viihdelaitteen, jolla voi lukea kirjoja ja lehti\u00e4, katsella televisio-ohjelmia verkosta, kuunnella musiikkia ja osallistua sosiaaliseen mediaan.<\/p>\n<p>Alla listatut lukulaitteet ovat muutaman vuoden takaa, mutta kaikki my\u00f6s aivan tuoreet artikkelit lukulaitteista l\u00f6yd\u00e4t listaamalla <a href=\"https:\/\/klaava.fi\/?cat=5137\">aiheen mukaisen kategorian <i>lukulaite<\/i><\/a>.<\/p>\n<p>Seuraavassa joitakin vuosia sitten testaamamme lukulaitteet, jonka j\u00e4lkeen lista ja linkit testattuihin tableteihin.<\/p>\n<h2>Klaavan testaamat e-kirjojen lukulaitteet<\/h2>\n<p>E-kirjojen lukulaitetta valitessaan t\u00e4ytyy p\u00e4\u00e4tt\u00e4\u00e4 v\u00e4hint\u00e4\u00e4n haluaako kosketusn\u00e4yt\u00f6n (helppok\u00e4ytt\u00f6inen, mutta n\u00e4ytt\u00f6 heijastelee), langattoman nettiyhteyden (helppo kirjojen lataus netist\u00e4) ja mahdollisesti v\u00e4rin\u00e4yt\u00f6n (sopii my\u00f6s videoille, mutta ulkona lukeminen vaikeaa).<\/p>\n<p>Katso Klaavan testaamien, Suomessa saatavissa olevien lukulaitteiden videot, esittelyt ja arviot:<\/p>\n<table border=\"0\">\n<tr>\n<td valign=\"top\">\n<a href=\"https:\/\/klaava.fi\/Kirjat\/Video_Auringossakin_voi_lukea_e_kirjoja_mutta_ensin_lukulaitteeseen_on_ladattava_halutut_teokset\">BeBook-lukulaite<\/a>. BeBook-laitteen n\u00e4ytt\u00f6 perustuu samaan e-ink teknologiaan mit\u00e4 suuressa osassa muistakin laitteista k\u00e4ytet\u00e4\u00e4n, joten lukea voi vaikka auringonvalossa. T\u00e4m\u00e4n laitteen k\u00e4ytt\u00f6 vaatii lyhyen totuttelun, koska sit\u00e4 ohjataan funktion\u00e4pp\u00e4imill\u00e4.\n<\/td>\n<td>\n<a href=\"https:\/\/klaava.fi\/Kirjat\/Video_Auringossakin_voi_lukea_e_kirjoja_mutta_ensin_lukulaitteeseen_on_ladattava_halutut_teokset\"><img decoding=\"async\" src=\"http:\/\/farm5.static.flickr.com\/4056\/4677926631_8a66fb9bd6_m.jpg\" width=\"200\" alt=\"Bebook e-kirjojen lukulaite,  muistikortti\" \/><\/a>\n<\/td>\n<\/tr>\n<tr>\n<td valign=\"top\">\n<a href=\"https:\/\/klaava.fi\/Kirjat\/Arvio_Cybook_Opus_E_kirjojen_lukulaitteet_eiv_t_olekaan_pelottavia_kirjoja_sy_vi_h_rveleit\">Cybook Opus-lukulaitteen esittely ja arvio<\/a>. Cybook Opus on pieni ja n\u00e4pp\u00e4r\u00e4 laite. Siin\u00e4 on vain v\u00e4ltt\u00e4m\u00e4tt\u00f6m\u00e4t toiminnot kirjojen lukemista ja lataamista varten, joten se on yksinkertainen k\u00e4ytt\u00e4\u00e4.\n<\/td>\n<td>\n<a href=\"https:\/\/klaava.fi\/Kirjat\/Arvio_Cybook_Opus_E_kirjojen_lukulaitteet_eiv_t_olekaan_pelottavia_kirjoja_sy_vi_h_rveleit\"><img decoding=\"async\" src=\"http:\/\/farm5.static.flickr.com\/4003\/4292408755_171fd1a463.jpg\" width=\"200\" alt=\"Bookeen Cybook Opus\" title=\"Bookeen Cybook Opus\" \/><\/a>\n<\/td>\n<\/tr>\n<tr>\n<td valign=\"top\">\n<a href=\"https:\/\/klaava.fi\/Kirjat\/Voiko_edullinen_vain_perusominaisuudet_sis_lt_v_e_kirjojen_lukulaite_olla_kelpo_ostos\">Mbook-lukulaitteen esittely ja arvio<\/a>. Mbook on perusominaisuuksilla varustettu edullinen lukulaite. Toimiva laite, jolla lukeminen sujuu hyvin, mutta esimerkiksi tekstinhakuominaisuus puuttuu.\n<\/td>\n<td>\n<a href=\"https:\/\/klaava.fi\/Kirjat\/Voiko_edullinen_vain_perusominaisuudet_sis_lt_v_e_kirjojen_lukulaite_olla_kelpo_ostos\"><img decoding=\"async\" src=\"https:\/\/lh3.googleusercontent.com\/-CQgEBoX5uUY\/UEi_mpTIPXI\/AAAAAAAABAs\/VgGOjZsreLs\/s400\/mbook-kadessa2.JPG\"  width=\"200\" alt=\"Mbook e-kirjojen lukulaite\" \/><\/a>\n<\/td>\n<\/tr>\n<tr>\n<td valign=\"top\">\n<a href=\"https:\/\/klaava.fi\/Kirjat\/Miksi_e_kirjojen_lukulaitteessa_tarvitaan_n_pp_imist_Elonex_511EB_n_esittely_ja_arvio\">Elonex 511EB n\u00e4pp\u00e4imist\u00f6ll\u00e4<\/a> varustettu lukulaite. Tyylik\u00e4s ja suhteellisen nopeasti sivua k\u00e4\u00e4nt\u00e4v\u00e4 Elonex sis\u00e4lt\u00e4\u00e4 qwerty-n\u00e4pp\u00e4imist\u00f6n. Lue testiarvio ja katso video.\n<\/td>\n<td>\n<a href=\"https:\/\/klaava.fi\/Kirjat\/Miksi_e_kirjojen_lukulaitteessa_tarvitaan_n_pp_imist_Elonex_511EB_n_esittely_ja_arvio\"><br \/>\n<img decoding=\"async\" src=\"http:\/\/farm5.static.flickr.com\/4078\/4897184929_ecbb4b2a79.jpg\" width=\"200\" alt=\"Elonex 511EB lukulaite e-kirjahylly\" \/><\/a>\n<\/td>\n<\/tr>\n<tr>\n<td valign=\"top\">\n<a href=\"https:\/\/klaava.fi\/node\/190\">Sony PRS-505 lukulaite<\/a>. Sonyn vuosikertamallistoon kuuluvassa PRS-505 laitteessa on niin paljon painikkeita, ett\u00e4 sen k\u00e4ytt\u00f6\u00e4 saa tapailla jonkin aikaa. Muuten se on lujarakenteinen ja laadukkaan tuntuinen laite.\n<\/td>\n<td>\n<a href=\"https:\/\/klaava.fi\/node\/190\"><img decoding=\"async\" src=\"http:\/\/farm3.static.flickr.com\/2514\/3956105402_ea246f961a.jpg\" width=\"200\"  alt=\"Sony Reader PRS-505 e-kirjat lukulaite\" \/><\/a>\n<\/td>\n<\/tr>\n<tr>\n<td valign=\"top\">\n<a href=\"https:\/\/klaava.fi\/Kirjat\/Sony_Reader_Touch_e_kirjojen_lukulaite_helppok_ytt_inen_mutta_kosketusn_yt_ss_haasteita\">Kosketusn\u00e4yt\u00f6ll\u00e4 varustettu Sony Reader Touch PRS-600<\/a>. Laitetta on helppo k\u00e4ytt\u00e4\u00e4 kosketusn\u00e4yt\u00f6n ansiosta, mutta se aiheuttaa my\u00f6s heijastumia n\u00e4yt\u00f6lle. Lue testitulos ja katso video.\n<\/td>\n<td>\n<a href=\"https:\/\/klaava.fi\/Kirjat\/Sony_Reader_Touch_e_kirjojen_lukulaite_helppok_ytt_inen_mutta_kosketusn_yt_ss_haasteita\"><br \/>\n<img decoding=\"async\" src=\"http:\/\/farm5.static.flickr.com\/4099\/4786598114_472342b8a7.jpg\" width=\"200\" alt=\"sony reader touch lukulaite prs-600\" \/><\/a>\n<\/td>\n<\/tr>\n<tr>\n<td valign=\"top\">\n<a href=\"https:\/\/klaava.fi\/Kirjat\/Paras_t_h_n_asti_kokeilemani_lukulaite_on_t_ss_Vue_Smartreader\">Vue Smartreader -lukulaite<\/a> sai kiitosta heijastamattomasta kosketusn\u00e4yt\u00f6st\u00e4\u00e4n ja langattomasta internet-yhteydest\u00e4\u00e4n. Napakka ja tukeva laite sopi hyvin k\u00e4teen. <a href=\"https:\/\/klaava.fi\/Kirjat\/Paras_t_h_n_asti_kokeilemani_lukulaite_on_t_ss_Vue_Smartreader\">Lue testitulos ja katso video<\/a>.\n<\/td>\n<td>\n<a href=\"https:\/\/klaava.fi\/Kirjat\/Paras_t_h_n_asti_kokeilemani_lukulaite_on_t_ss_Vue_Smartreader\"><br \/>\n<img decoding=\"async\" src=\"http:\/\/farm8.staticflickr.com\/7148\/6430001077_a776749038_m.jpg\" width=\"200\" alt=\"Vue Smartreader e-kirjat lukulaite\" \/><\/a>\n<\/td>\n<\/tr>\n<tr>\n<td valign=\"top\">\n<a href=\"https:\/\/klaava.fi\/Kirjat\/MReader_lukulaite_sopii_pienen_e_kirjojen_lukijan_kouraan\">MReader S600<\/a> on yksinkertainen peruslaite e-kirjojen lukemiseen. Siin\u00e4 ei ole ylim\u00e4\u00e4r\u00e4isi\u00e4 ominaisuuksia (jollei musiikin kuuntelua kirjaa lukiessa lasketa sellaiseksi), vaan olennaiset toiminnot ovat kirjan lukeminen ja tekstin koon s\u00e4\u00e4t\u00f6. <a href=\"https:\/\/klaava.fi\/Kirjat\/MReader_lukulaite_sopii_pienen_e_kirjojen_lukijan_kouraan\">Lue testitulos ja katso video<\/a>.\n<\/td>\n<td>\n<a href=\"https:\/\/klaava.fi\/Kirjat\/MReader_lukulaite_sopii_pienen_e_kirjojen_lukijan_kouraan\"><br \/>\n<img decoding=\"async\" src=\"http:\/\/farm6.static.flickr.com\/5105\/5693044560_98571b88d0_m.jpg\" width=\"200\" alt=\"Mreader S600 e-kirjat lukulaite\" \/><\/a>\n<\/td>\n<\/tr>\n<\/table>\n<h2>Klaavan testaamat tabletit<\/h2>\n<p>Tabletien hyviin puoliin kuuluvat: v\u00e4rin\u00e4ytt\u00f6, itsens\u00e4 valaiseva usein automaattisesti kirkkautta s\u00e4\u00e4t\u00e4v\u00e4 n\u00e4ytt\u00f6, sill\u00e4 voi tehd\u00e4 muutakin kuin vain lukea kirjoja (koska se on tietokone), langaton internetyhteys ja runsas valikoima eri kokoisia sek\u00e4 hintaisia tuotteita.<\/p>\n<p>Mik\u00e4li aikoo vain ja ainoastaan lukea e-kirjoja, ja aikoo lukea paljon, voi lukulaite olla parempi valinta.<\/p>\n<table>\n<tr>\n<td valign=\"top\">\n<a href=\"https:\/\/klaava.fi\/Netti\/Amazon_Kindle_Fire_on_erilainen_tablet_jonka_k_ytt_tarkoitus_on_syyt_harkita_tarkkaan\">Amazon Kindle Fire HD<\/a> -tablet on ensisijaisesti tarkoitettu Amazon.com-verkkokaupasta ladatun digitaalisen sis\u00e4ll\u00f6n, Suomessa l\u00e4hinn\u00e4 kirjojen, lukemiseen tai katseluun. <a href=\"https:\/\/klaava.fi\/Netti\/Amazon_Kindle_Fire_on_erilainen_tablet_jonka_k_ytt_tarkoitus_on_syyt_harkita_tarkkaan\">Lue testitulos ja katso video<\/a>.\n<\/td>\n<td>\n<a href=\"https:\/\/klaava.fi\/Netti\/Amazon_Kindle_Fire_on_erilainen_tablet_jonka_k_ytt_tarkoitus_on_syyt_harkita_tarkkaan\"><br \/>\n<img decoding=\"async\" src=\"http:\/\/farm3.staticflickr.com\/2814\/10689114243_eb1a2fed8a_n.jpg\"   alt=\"Amazon Kindle Fire HD tablet\" width=\"200\" \/><\/a>\n<\/td>\n<\/tr>\n<tr>\n<td valign=\"top\">\n<a href=\"https:\/\/klaava.fi\/Netti\/Apple_myy_ilmaa_kevyt_ja_ohut_iPad_Air\">Apple iPad Air<\/a> on 9.7 tuuman eritt\u00e4in tarkalla v\u00e4rin\u00e4yt\u00f6ll\u00e4 varustettu tehokas tablet kaikkeen k\u00e4ytt\u00f6\u00f6n. <a href=\"https:\/\/klaava.fi\/Netti\/Apple_myy_ilmaa_kevyt_ja_ohut_iPad_Air\">Lue esittely<\/a>.\n<\/td>\n<td>\n<a href=\"https:\/\/klaava.fi\/Netti\/Apple_myy_ilmaa_kevyt_ja_ohut_iPad_Air\"><br \/>\n<img decoding=\"async\" src=\"http:\/\/farm6.staticflickr.com\/5225\/5653704504_1c4157554e_m.jpg\" alt=\"Apple iPad valkoinen\" width=\"200\" \/><\/a>\n<\/td>\n<\/tr>\n<tr>\n<td valign=\"top\">\n<a href=\"https:\/\/klaava.fi\/Netti\/Apple_iPad_Mini_sai_huipputarkan_n_yt_n\">Apple iPad mini 2<\/a> on 7.9 tuuman kokoinen tablet. Mini 2:ssa on eritt\u00e4in tarkka v\u00e4rin\u00e4ytt\u00f6. <a href=\"https:\/\/klaava.fi\/Netti\/Apple_iPad_Mini_sai_huipputarkan_n_yt_n\">Lue esittely<\/a>.\n<\/td>\n<td>\n<a href=\"https:\/\/klaava.fi\/Netti\/Apple_iPad_Mini_sai_huipputarkan_n_yt_n\"><br \/>\n<img decoding=\"async\" src=\"https:\/\/klaava.fi\/media\/112013\/appleipadmini2-sormi.jpg\" width=\"200\" alt=\"Apple iPad mini 2\" \/><\/a>\n<\/td>\n<\/tr>\n<tr>\n<td valign=\"top\">\n<a href=\"https:\/\/klaava.fi\/Netti\/Microsoft_Surface_tabletissa_on_medialaitetta_joka_l_ht_n\">Microsoft Surface<\/a> -tabletin valtteina on Windows 8 -ohjelmisto ja mukaan paketoitu Office-ohjelmisto. <a href=\"https:\/\/klaava.fi\/Netti\/Microsoft_Surface_tabletissa_on_medialaitetta_joka_l_ht_n\">Lue esittely<\/a>.\n<\/td>\n<td>\n<a href=\"https:\/\/klaava.fi\/Netti\/Microsoft_Surface_tabletissa_on_medialaitetta_joka_l_ht_n\"><br \/>\n<img decoding=\"async\" src=\"https:\/\/klaava.fi\/media\/062012\/microsoftsurface-edesta.jpg\" width=\"200\" alt=\"Microsoft Surface tablet\" \/><\/a>\n<\/td>\n<\/tr>\n<tr>\n<td valign=\"top\">\n<a href=\"https:\/\/klaava.fi\/Netti\/Nokian_medialaite_Lumia_2520_tablet\">Nokia Lumia 2520<\/a> on 10.1 tuuman n\u00e4yt\u00f6ll\u00e4 varustettu tablet. Ohjelmistona on Windows RT 8.1. <a href=\"https:\/\/klaava.fi\/Netti\/Nokian_medialaite_Lumia_2520_tablet\">Lue esittely<\/a>.\n<\/td>\n<td>\n<a href=\"https:\/\/klaava.fi\/Netti\/Nokian_medialaite_Lumia_2520_tablet\"><img decoding=\"async\" src=\"https:\/\/klaava.fi\/media\/102013\/nokialumia2520-storyteller.jpg\" width=\"200\" alt=\"Nokia Lumia 2520 tablet\" \/><\/a>\n<\/td>\n<\/tr>\n<tr>\n<td valign=\"top\">\n<a href=\"https:\/\/klaava.fi\/Netti\/Samsung_Galaxy_Tab_10_1_on_todellinen_haastaja_Apple_iPad_medialaitteelle\">Samsung Galaxy Tab 10.1<\/a> -tablet on suosittu Android-ohjelmistolla toimiva yleisk\u00e4ytt\u00f6inen laite. <a href=\"https:\/\/klaava.fi\/Netti\/Samsung_Galaxy_Tab_10_1_on_todellinen_haastaja_Apple_iPad_medialaitteelle\">Lue esittely ja katso video<\/a>.\n<\/td>\n<td>\n<a href=\"https:\/\/klaava.fi\/Netti\/Samsung_Galaxy_Tab_10_1_on_todellinen_haastaja_Apple_iPad_medialaitteelle\"><br \/>\n<img decoding=\"async\"  src=\"http:\/\/farm6.static.flickr.com\/5144\/5689993558_517ecf91cb.jpg\"  alt=\"Samsung Galaxy Tab 10.1 tablet\"  width=\"200\" \/><\/a>\n<\/td>\n<\/tr>\n<tr>\n<td valign=\"top\">\n<a href=\"https:\/\/klaava.fi\/Kirjat\/V_rin_ytt_e_kirjojen_lukulaitteessa_mahdollistaa_lis_ominaisuuksia_Sigmatek_101\">Sigmatek 101<\/a> -tablet on parhaimmillaan kuva- ja pelik\u00e4yt\u00f6ss\u00e4 . <a href=\"https:\/\/klaava.fi\/Kirjat\/V_rin_ytt_e_kirjojen_lukulaitteessa_mahdollistaa_lis_ominaisuuksia_Sigmatek_101\">Lue testitulos ja katso video<\/a>.\n<\/td>\n<td>\n<a href=\"https:\/\/klaava.fi\/Kirjat\/V_rin_ytt_e_kirjojen_lukulaitteessa_mahdollistaa_lis_ominaisuuksia_Sigmatek_101\"><br \/>\n<img decoding=\"async\"  src=\"http:\/\/farm4.staticflickr.com\/3759\/11098834215_7da3827403_n.jpg\"  alt=\"Sigmatek 101 lukulaite \/ tablet\"  width=\"200\" \/><\/a>\n<\/td>\n<\/tr>\n<\/table>\n","protected":false},"excerpt":{"rendered":"<p>E-kirjojen lukulaite on elektroninen laite, joka on tehty vain kirjojen, lehtien ja ylip\u00e4\u00e4t\u00e4\u00e4n tekstidokumenttien lukemista varten. <\/p>\n<p>Tablet on tietokone, jolla voi tehd\u00e4 l\u00e4hes kaikkea sit\u00e4 mit\u00e4 kannettavalla tietokoneellakin. V\u00e4rin\u00e4ytt\u00f6, langaton internet-yhteys ja runsas valikoima sovellusohjelmia tekev\u00e4t tabletista monipuolisen kodin viihdelaitteen, jolla voi lukea kirjoja ja lehti\u00e4, katsella televisio-ohjelmia verkosta, kuunnella musiikkia ja osallistua sosiaaliseen mediaan.<\/p>\n","protected":false},"author":2,"featured_media":0,"parent":0,"menu_order":0,"comment_status":"closed","ping_status":"closed","template":"","meta":{"footnotes":""},"class_list":["post-579","page","type-page","status-publish","hentry"],"_links":{"self":[{"href":"https:\/\/klaava.fi\/index.php?rest_route=\/wp\/v2\/pages\/579","targetHints":{"allow":["GET"]}}],"collection":[{"href":"https:\/\/klaava.fi\/index.php?rest_route=\/wp\/v2\/pages"}],"about":[{"href":"https:\/\/klaava.fi\/index.php?rest_route=\/wp\/v2\/types\/page"}],"author":[{"embeddable":true,"href":"https:\/\/klaava.fi\/index.php?rest_route=\/wp\/v2\/users\/2"}],"replies":[{"embeddable":true,"href":"https:\/\/klaava.fi\/index.php?rest_route=%2Fwp%2Fv2%2Fcomments&post=579"}],"version-history":[{"count":1,"href":"https:\/\/klaava.fi\/index.php?rest_route=\/wp\/v2\/pages\/579\/revisions"}],"predecessor-version":[{"id":7973,"href":"https:\/\/klaava.fi\/index.php?rest_route=\/wp\/v2\/pages\/579\/revisions\/7973"}],"wp:attachment":[{"href":"https:\/\/klaava.fi\/index.php?rest_route=%2Fwp%2Fv2%2Fmedia&parent=579"}],"curies":[{"name":"wp","href":"https:\/\/api.w.org\/{rel}","templated":true}]}}